{"id":965,"date":"2023-11-16T16:42:35","date_gmt":"2023-11-16T14:42:35","guid":{"rendered":"https:\/\/bureaudesoutien.org\/?page_id=965"},"modified":"2023-11-16T16:42:35","modified_gmt":"2023-11-16T14:42:35","slug":"politique-de-cookies-du-bureau-de-soutien","status":"publish","type":"page","link":"https:\/\/bureaudesoutien.org\/fr\/politique-de-cookies-du-bureau-de-soutien\/","title":{"rendered":"Politique de Cookies du Bureau de Soutien"},"content":{"rendered":"<p>&nbsp;<\/p>\n<h3>Politique relative aux cookies<\/h3>\n<p>Derni\u00e8re mise \u00e0 jour : 16 novembre 2023<\/p>\n<p>Cette politique relative aux cookies explique ce que sont les cookies et comment nous les utilisons. Vous devriez lire cette politique pour comprendre quel type de cookies nous utilisons, ou les informations que nous collectons \u00e0 l&#8217;aide de cookies et comment ces informations sont utilis\u00e9es. Cette politique relative aux cookies a \u00e9t\u00e9 cr\u00e9\u00e9e avec l&#8217;aide du <a href=\"https:\/\/www.freeprivacypolicy.com\/free-cookies-policy-generator\/\" target=\"_blank\" rel=\"noopener\">g\u00e9n\u00e9rateur gratuit de politiques de cookies<\/a>.<\/p>\n<p>Les cookies ne contiennent g\u00e9n\u00e9ralement aucune information permettant d\u2019identifier personnellement un utilisateur, mais les informations personnelles que nous stockons \u00e0 votre sujet peuvent \u00eatre li\u00e9es aux informations stock\u00e9es et obtenues \u00e0 partir des cookies. Pour plus d&#8217;informations sur la mani\u00e8re dont nous utilisons, stockons et s\u00e9curisons vos donn\u00e9es personnelles, consultez notre politique de confidentialit\u00e9.<\/p>\n<p>Nous ne stockons pas d&#8217;informations personnelles sensibles, telles que des adresses postales, des mots de passe de compte, etc., dans les cookies que nous utilisons.<\/p>\n<h3>Interpr\u00e9tation et d\u00e9finitions<\/h3>\n<h3>Interpr\u00e9tation<\/h3>\n<p>Les mots dont la premi\u00e8re lettre est en majuscule, ont des significations d\u00e9finies dans les conditions suivantes. Les d\u00e9finitions suivantes auront la m\u00eame signification qu&#8217;elles apparaissent au singulier ou au pluriel.<\/p>\n<h3>D\u00e9finitions<\/h3>\n<p>Aux fins de cette politique relative aux cookies :<\/p>\n<ul>\n<li style=\"list-style-type: none;\">\n<ul>\n<li><strong>Soci\u00e9t\u00e9<\/strong> (d\u00e9sign\u00e9e comme &#8220;la Soci\u00e9t\u00e9&#8221;, &#8220;Nous&#8221;, &#8220;Notre&#8221; dans cette politique relative aux cookies) fait r\u00e9f\u00e9rence \u00e0 Bureau de Soutien, Avenue de la Mission No 23, Quartier Himbi, Commune de Goma, Goma RDC.<\/li>\n<\/ul>\n<\/li>\n<\/ul>\n<ul>\n<li style=\"list-style-type: none;\">\n<ul>\n<li><strong>Cookies<\/strong> signifie des petits fichiers plac\u00e9s sur votre ordinateur, votre appareil mobile ou tout autre appareil par un site web, contenant des d\u00e9tails sur votre historique de navigation sur ce site parmi ses nombreuses utilisations.<\/li>\n<\/ul>\n<\/li>\n<\/ul>\n<ul>\n<li style=\"list-style-type: none;\">\n<ul>\n<li><strong>Site web<\/strong> fait r\u00e9f\u00e9rence \u00e0 Bureau de Soutien, accessible depuis <a href=\"https:\/\/bureaudesoutien.org\/fr\/\" target=\"_blank\" rel=\"external nofollow noopener\">https:\/\/bureaudesoutien.org<\/a><\/li>\n<\/ul>\n<\/li>\n<\/ul>\n<ul>\n<li style=\"list-style-type: none;\">\n<ul>\n<li><strong>Vous<\/strong> d\u00e9signe l&#8217;individu acc\u00e9dant ou utilisant le site web, ou une entreprise, ou toute entit\u00e9 l\u00e9gale au nom de laquelle cet individu acc\u00e8de ou utilise le site web, le cas \u00e9ch\u00e9ant.<\/li>\n<\/ul>\n<\/li>\n<\/ul>\n<h3>Utilisation des cookies<\/h3>\n<h3>Type de cookies que nous utilisons<\/h3>\n<p>Les cookies peuvent \u00eatre des cookies &#8220;persistants&#8221; ou des cookies &#8220;de session&#8221;. Les cookies persistants restent sur votre ordinateur personnel ou votre appareil mobile lorsque vous \u00eates hors ligne, tandis que les cookies de session sont supprim\u00e9s d\u00e8s que vous fermez votre navigateur web.<\/p>\n<p>Nous utilisons \u00e0 la fois des cookies de session et persistants aux fins \u00e9nonc\u00e9es ci-dessous :<\/p>\n<ul>\n<li style=\"list-style-type: none;\">\n<ul>\n<li><strong>Cookies n\u00e9cessaires\/essentiels<\/strong>\n<p>Type: Cookies de session<\/p>\n<p>Administr\u00e9 par : Nous<\/p>\n<p>Objectif : Ces cookies sont essentiels pour vous fournir des services disponibles sur le site web et vous permettre d&#8217;utiliser certaines de ses fonctionnalit\u00e9s. Ils aident \u00e0 authentifier les utilisateurs et \u00e0 pr\u00e9venir une utilisation frauduleuse des comptes d&#8217;utilisateurs. Sans ces cookies, les services que vous avez demand\u00e9s ne peuvent pas \u00eatre fournis, et nous n&#8217;utilisons ces cookies que pour vous fournir ces services.<\/li>\n<li><strong>Cookies de fonctionnalit\u00e9<\/strong>\n<p>Type: Cookies persistants<\/p>\n<p>Administr\u00e9 par : Nous<\/p>\n<p>Objectif: Ces cookies nous permettent de m\u00e9moriser les choix que vous faites lorsque vous utilisez le site web, tels que la m\u00e9morisation de vos identifiants de connexion ou de vos pr\u00e9f\u00e9rences linguistiques. Ces cookies ont pour objectifs de vous offrir une exp\u00e9rience plus personnelle et d&#8217;\u00e9viter que vous ayez \u00e0 r\u00e9introduire vos pr\u00e9f\u00e9rences \u00e0 chaque fois que vous utilisez le site web.<\/li>\n<\/ul>\n<\/li>\n<\/ul>\n<h3>Vos choix concernant les cookies<\/h3>\n<p>Si vous pr\u00e9f\u00e9rez \u00e9viter l&#8217;utilisation de cookies sur le site web, vous devez d&#8217;abord d\u00e9sactiver l&#8217;utilisation de cookies dans votre navigateur, puis supprimer les cookies enregistr\u00e9s dans votre navigateur associ\u00e9s \u00e0 ce site web. Vous pouvez utiliser cette option pour emp\u00eacher l&#8217;utilisation de cookies \u00e0 tout moment.<\/p>\n<p>Si vous n&#8217;acceptez pas nos cookies, vous pouvez rencontrer des inconv\u00e9nients dans votre utilisation du site web et certaines fonctionnalit\u00e9s peuvent ne pas fonctionner correctement.<\/p>\n<p>Si vous souhaitez supprimer les cookies ou donner des instructions \u00e0 votre navigateur web pour supprimer ou refuser les cookies, veuillez consulter les pages d\u2019aide de votre navigateur web.<\/p>\n<ul>\n<li style=\"list-style-type: none;\">\n<ul>\n<li>Pour le navigateur web Chrome, veuillez visiter cette page de Google: <a href=\"https:\/\/support.google.com\/accounts\/answer\/32050\" target=\"_blank\" rel=\"external nofollow noopener\">https:\/\/support.google.com\/accounts\/answer\/32050<\/a><\/li>\n<\/ul>\n<\/li>\n<\/ul>\n<ul>\n<li style=\"list-style-type: none;\">\n<ul>\n<li>Pour le navigateur web Internet Explorer, veuillez visiter cette page de Microsoft : <a href=\"http:\/\/support.microsoft.com\/kb\/278835\" target=\"_blank\" rel=\"external nofollow noopener\">http:\/\/support.microsoft.com\/kb\/278835<\/a><\/li>\n<\/ul>\n<\/li>\n<\/ul>\n<ul>\n<li style=\"list-style-type: none;\">\n<ul>\n<li>Pour le navigateur web Firefox, veuillez visiter cette page de Mozilla : <a href=\"https:\/\/support.mozilla.org\/en-US\/kb\/delete-cookies-remove-info-websites-stored\" target=\"_blank\" rel=\"external nofollow noopener\">https:\/\/support.mozilla.org\/en-US\/kb\/delete-cookies-remove-info-websites-stored<\/a><\/li>\n<\/ul>\n<\/li>\n<\/ul>\n<ul>\n<li style=\"list-style-type: none;\">\n<ul>\n<li>Pour le navigateur web Safari, veuillez visiter cette page d&#8217;Apple : <a href=\"https:\/\/support.apple.com\/guide\/safari\/manage-cookies-and-website-data-sfri11471\/mac\" target=\"_blank\" rel=\"external nofollow noopener\">https:\/\/support.apple.com\/guide\/safari\/manage-cookies-and-website-data-sfri11471\/mac<\/a><\/li>\n<\/ul>\n<\/li>\n<\/ul>\n<p>Pour tout autre navigateur web, veuillez consulter les pages officielles de votre navigateur web.<\/p>\n<h3>Plus d&#8217;informations sur les cookies<\/h3>\n<p>Vous pouvez en apprendre davantage sur les cookies : <a href=\"https:\/\/www.freeprivacypolicy.com\/blog\/cookies\/\" target=\"_blank\" rel=\"noopener\">Cookies : que font-ils ?<\/a>.<\/p>\n<h3><a href=\"https:\/\/bureaudesoutien.org\/fr\/contact\/\">Contactez-nous<\/a><\/h3>\n<p>Si vous avez des questions concernant cette politique en mati\u00e8re de cookies, vous pouvez nous contacter:<\/p>\n<ul>\n<li>Par email: info@bureaudesoutien.org<\/li>\n<li>En visitant cette page sur notre site web: <a href=\"https:\/\/bureaudesoutien.org\/fr\/contact\/\" target=\"_blank\" rel=\"external nofollow noopener\">https:\/\/bureaudesoutien.org\/contact\/<\/a><\/li>\n<\/ul>","protected":false},"excerpt":{"rendered":"<p>&nbsp; Politique relative aux cookies Derni\u00e8re mise \u00e0 jour : 16 novembre 2023 Cette politique relative aux cookies explique ce que sont les cookies et comment nous les utilisons. Vous devriez lire cette politique pour comprendre quel type de cookies nous utilisons, ou les informations que nous collectons \u00e0 l&#8217;aide de cookies et comment ces informations sont utilis\u00e9es. Cette politique relative aux cookies a \u00e9t\u00e9 cr\u00e9\u00e9e avec l&#8217;aide du g\u00e9n\u00e9rateur gratuit de politiques de cookies. Les cookies ne contiennent g\u00e9n\u00e9ralement aucune information permettant d\u2019identifier personnellement un utilisateur, mais les informations personnelles que nous stockons \u00e0 votre sujet peuvent \u00eatre li\u00e9es aux informations stock\u00e9es et obtenues \u00e0 partir des cookies. Pour plus d&#8217;informations sur la mani\u00e8re dont nous utilisons, stockons et s\u00e9curisons vos donn\u00e9es personnelles, consultez notre politique de confidentialit\u00e9. Nous ne stockons pas d&#8217;informations personnelles sensibles, telles que des adresses postales, des mots de passe de compte, etc., dans les cookies que nous utilisons. Interpr\u00e9tation et d\u00e9finitions Interpr\u00e9tation Les mots dont la premi\u00e8re lettre est en majuscule, ont des significations d\u00e9finies dans les conditions suivantes. Les d\u00e9finitions suivantes auront la m\u00eame signification qu&#8217;elles apparaissent au singulier ou au pluriel. D\u00e9finitions Aux fins de cette politique relative aux cookies : Soci\u00e9t\u00e9 (d\u00e9sign\u00e9e comme &#8220;la Soci\u00e9t\u00e9&#8221;, &#8220;Nous&#8221;, &#8220;Notre&#8221; dans cette politique relative aux cookies) fait r\u00e9f\u00e9rence \u00e0 Bureau de Soutien, Avenue de la Mission No 23, Quartier Himbi, Commune de Goma, Goma RDC. Cookies signifie des petits fichiers plac\u00e9s sur votre ordinateur, votre appareil mobile ou tout autre appareil par un site web, contenant des d\u00e9tails sur votre historique de navigation sur ce site parmi ses nombreuses utilisations. Site web fait r\u00e9f\u00e9rence \u00e0 Bureau de Soutien, accessible depuis https:\/\/bureaudesoutien.org Vous d\u00e9signe l&#8217;individu acc\u00e9dant ou utilisant le site web, ou une entreprise, ou toute entit\u00e9 l\u00e9gale au nom de laquelle cet individu acc\u00e8de ou utilise le site web, le cas \u00e9ch\u00e9ant. Utilisation des cookies Type de cookies que nous utilisons Les cookies peuvent \u00eatre des cookies &#8220;persistants&#8221; ou des cookies &#8220;de session&#8221;. Les cookies persistants restent sur votre ordinateur personnel ou votre appareil mobile lorsque vous \u00eates hors ligne, tandis que les cookies de session sont supprim\u00e9s d\u00e8s que vous fermez votre navigateur web. Nous utilisons \u00e0 la fois des cookies de session et persistants aux fins \u00e9nonc\u00e9es ci-dessous : Cookies n\u00e9cessaires\/essentiels Type: Cookies de session Administr\u00e9 par : Nous Objectif : Ces cookies sont essentiels pour vous fournir des services disponibles sur le site web et vous permettre d&#8217;utiliser certaines de ses fonctionnalit\u00e9s. Ils aident \u00e0 authentifier les utilisateurs et \u00e0 pr\u00e9venir une utilisation frauduleuse des comptes d&#8217;utilisateurs. Sans ces cookies, les services que vous avez demand\u00e9s ne peuvent pas \u00eatre fournis, et nous n&#8217;utilisons ces cookies que pour vous fournir ces services. Cookies de fonctionnalit\u00e9 Type: Cookies persistants Administr\u00e9 par : Nous Objectif: Ces cookies nous permettent de m\u00e9moriser les choix que vous faites lorsque vous utilisez le site web, tels que la m\u00e9morisation de vos identifiants de connexion ou de vos pr\u00e9f\u00e9rences linguistiques. Ces cookies ont pour objectifs de vous offrir une exp\u00e9rience plus personnelle et d&#8217;\u00e9viter que vous ayez \u00e0 r\u00e9introduire vos pr\u00e9f\u00e9rences \u00e0 chaque fois que vous utilisez le site web. Vos choix concernant les cookies Si vous pr\u00e9f\u00e9rez \u00e9viter l&#8217;utilisation de cookies sur le site web, vous devez d&#8217;abord d\u00e9sactiver l&#8217;utilisation de cookies dans votre navigateur, puis supprimer les cookies enregistr\u00e9s dans votre navigateur associ\u00e9s \u00e0 ce site web. Vous pouvez utiliser cette option pour emp\u00eacher l&#8217;utilisation de cookies \u00e0 tout moment. Si vous n&#8217;acceptez pas nos cookies, vous pouvez rencontrer des inconv\u00e9nients dans votre utilisation du site web et certaines fonctionnalit\u00e9s peuvent ne pas fonctionner correctement. Si vous souhaitez supprimer les cookies ou donner des instructions \u00e0 votre navigateur web pour supprimer ou refuser les cookies, veuillez consulter les pages d\u2019aide de votre navigateur web. Pour le navigateur web Chrome, veuillez visiter cette page de Google: https:\/\/support.google.com\/accounts\/answer\/32050 Pour le navigateur web Internet Explorer, veuillez visiter cette page de Microsoft : http:\/\/support.microsoft.com\/kb\/278835 Pour le navigateur web Firefox, veuillez visiter cette page de Mozilla : https:\/\/support.mozilla.org\/en-US\/kb\/delete-cookies-remove-info-websites-stored Pour le navigateur web Safari, veuillez visiter cette page d&#8217;Apple : https:\/\/support.apple.com\/guide\/safari\/manage-cookies-and-website-data-sfri11471\/mac Pour tout autre navigateur web, veuillez consulter les pages officielles de votre navigateur web. Plus d&#8217;informations sur les cookies Vous pouvez en apprendre davantage sur les cookies : Cookies : que font-ils ?. Contactez-nous Si vous avez des questions concernant cette politique en mati\u00e8re de cookies, vous pouvez nous contacter: Par email: info@bureaudesoutien.org En visitant cette page sur notre site web: https:\/\/bureaudesoutien.org\/contact\/<\/p>","protected":false},"author":1,"featured_media":0,"parent":0,"menu_order":0,"comment_status":"closed","ping_status":"closed","template":"","meta":{"give_campaign_id":0,"om_disable_all_campaigns":false,"_monsterinsights_skip_tracking":false,"_monsterinsights_sitenote_active":false,"_monsterinsights_sitenote_note":"","_monsterinsights_sitenote_category":0,"site-sidebar-layout":"default","site-content-layout":"","ast-site-content-layout":"default","site-content-style":"default","site-sidebar-style":"default","ast-global-header-display":"","ast-banner-title-visibility":"","ast-main-header-display":"","ast-hfb-above-header-display":"","ast-hfb-below-header-display":"","ast-hfb-mobile-header-display":"","site-post-title":"","ast-breadcrumbs-content":"","ast-featured-img":"","footer-sml-layout":"","ast-disable-related-posts":"","theme-transparent-header-meta":"default","adv-header-id-meta":"","stick-header-meta":"","header-above-stick-meta":"","header-main-stick-meta":"","header-below-stick-meta":"","astra-migrate-meta-layouts":"set","ast-page-background-enabled":"default","ast-page-background-meta":{"desktop":{"background-color":"","background-image":"","background-repeat":"repeat","background-position":"center center","background-size":"auto","background-attachment":"scroll","background-type":"","background-media":"","overlay-type":"","overlay-color":"","overlay-opacity":"","overlay-gradient":""},"tablet":{"background-color":"","background-image":"","background-repeat":"repeat","background-position":"center center","background-size":"auto","background-attachment":"scroll","background-type":"","background-media":"","overlay-type":"","overlay-color":"","overlay-opacity":"","overlay-gradient":""},"mobile":{"background-color":"","background-image":"","background-repeat":"repeat","background-position":"center center","background-size":"auto","background-attachment":"scroll","background-type":"","background-media":"","overlay-type":"","overlay-color":"","overlay-opacity":"","overlay-gradient":""}},"ast-content-background-meta":{"desktop":{"background-color":"var(--ast-global-color-5)","background-image":"","background-repeat":"repeat","background-position":"center center","background-size":"auto","background-attachment":"scroll","background-type":"","background-media":"","overlay-type":"","overlay-color":"","overlay-opacity":"","overlay-gradient":""},"tablet":{"background-color":"var(--ast-global-color-5)","background-image":"","background-repeat":"repeat","background-position":"center center","background-size":"auto","background-attachment":"scroll","background-type":"","background-media":"","overlay-type":"","overlay-color":"","overlay-opacity":"","overlay-gradient":""},"mobile":{"background-color":"var(--ast-global-color-5)","background-image":"","background-repeat":"repeat","background-position":"center center","background-size":"auto","background-attachment":"scroll","background-type":"","background-media":"","overlay-type":"","overlay-color":"","overlay-opacity":"","overlay-gradient":""}},"footnotes":""},"class_list":["post-965","page","type-page","status-publish","hentry"],"aioseo_notices":[],"campaignId":"","jetpack-related-posts":[],"jetpack_sharing_enabled":true,"rttpg_featured_image_url":null,"rttpg_author":{"display_name":"bureaudesoutien.org","author_link":"https:\/\/bureaudesoutien.org\/fr\/author\/bureaudesoutien-org\/"},"rttpg_comment":0,"rttpg_category":null,"rttpg_excerpt":"&nbsp; Politique relative aux cookies Derni\u00e8re mise \u00e0 jour : 16 novembre 2023 Cette politique relative aux cookies explique ce que sont les cookies et comment nous les utilisons. Vous devriez lire cette politique pour comprendre quel type de cookies nous utilisons, ou les informations que nous collectons \u00e0 l&#8217;aide de cookies et comment ces\u2026","_links":{"self":[{"href":"https:\/\/bureaudesoutien.org\/fr\/wp-json\/wp\/v2\/pages\/965","targetHints":{"allow":["GET"]}}],"collection":[{"href":"https:\/\/bureaudesoutien.org\/fr\/wp-json\/wp\/v2\/pages"}],"about":[{"href":"https:\/\/bureaudesoutien.org\/fr\/wp-json\/wp\/v2\/types\/page"}],"author":[{"embeddable":true,"href":"https:\/\/bureaudesoutien.org\/fr\/wp-json\/wp\/v2\/users\/1"}],"replies":[{"embeddable":true,"href":"https:\/\/bureaudesoutien.org\/fr\/wp-json\/wp\/v2\/comments?post=965"}],"version-history":[{"count":1,"href":"https:\/\/bureaudesoutien.org\/fr\/wp-json\/wp\/v2\/pages\/965\/revisions"}],"predecessor-version":[{"id":969,"href":"https:\/\/bureaudesoutien.org\/fr\/wp-json\/wp\/v2\/pages\/965\/revisions\/969"}],"wp:attachment":[{"href":"https:\/\/bureaudesoutien.org\/fr\/wp-json\/wp\/v2\/media?parent=965"}],"curies":[{"name":"wp","href":"https:\/\/api.w.org\/{rel}","templated":true}]}}