{"id":959,"date":"2023-11-16T14:31:06","date_gmt":"2023-11-16T12:31:06","guid":{"rendered":"https:\/\/bureaudesoutien.org\/?page_id=959"},"modified":"2023-11-16T14:36:56","modified_gmt":"2023-11-16T12:36:56","slug":"avertissement","status":"publish","type":"page","link":"https:\/\/bureaudesoutien.org\/fr\/avertissement\/","title":{"rendered":"Avertissement"},"content":{"rendered":"<p>Derni\u00e8re mise \u00e0 jour : 16 novembre 2023<\/p>\n<h3>Interpr\u00e9tation et D\u00e9finitions<\/h3>\n<h3>Interpr\u00e9tation<\/h3>\n<p>Les termes dont la premi\u00e8re lettre est en majuscule, ont des significations d\u00e9finies dans les conditions suivantes. Les d\u00e9finitions suivantes auront la m\u00eame signification, qu&#8217;elles apparaissent au singulier ou au pluriel.<\/p>\n<h3>D\u00e9finitions<\/h3>\n<p>Pour les besoins de cet avertissement :<\/p>\n<ul>\n<li style=\"list-style-type: none;\">\n<ul>\n<li><strong>Entreprise<\/strong> (d\u00e9sign\u00e9e comme &#8220;l&#8217;Entreprise&#8221;, &#8220;Nous&#8221;, &#8220;Nouss&#8221;, ou &#8220;Notre&#8221; dans cet avertissement) fait r\u00e9f\u00e9rence \u00e0 Bureau de Soutien, Avenue de la mission no 23, Quartier Himbi, Commune de Goma, Goma RDC.<\/li>\n<\/ul>\n<\/li>\n<\/ul>\n<ul>\n<li style=\"list-style-type: none;\">\n<ul>\n<li><strong>Service<\/strong> fait r\u00e9f\u00e9rence au site Web.<\/li>\n<\/ul>\n<\/li>\n<\/ul>\n<ul>\n<li style=\"list-style-type: none;\">\n<ul>\n<li><strong>Vous<\/strong> d\u00e9signe l&#8217;individu acc\u00e9dant au Service, ou la soci\u00e9t\u00e9, ou toute autre entit\u00e9 l\u00e9gale au nom de laquelle cet individu acc\u00e8de ou utilise le Service, le cas \u00e9ch\u00e9ant.<\/li>\n<\/ul>\n<\/li>\n<\/ul>\n<ul>\n<li style=\"list-style-type: none;\">\n<ul>\n<li><strong>Site Web<\/strong> fait r\u00e9f\u00e9rence \u00e0 Bureau de Soutien, accessible depuis <a href=\"https:\/\/bureaudesoutien.org\/fr\/\" target=\"_blank\" rel=\"external nofollow noopener\">https:\/\/bureaudesoutien.org<\/a><\/li>\n<\/ul>\n<\/li>\n<\/ul>\n<h3>Avertissement<\/h3>\n<p>Les informations contenues sur le Service sont uniquement \u00e0 des fins d&#8217;information g\u00e9n\u00e9rale.<\/p>\n<p>L&#8217;Entreprise n&#8217;assume aucune responsabilit\u00e9 pour les erreurs ou omissions dans le contenu du Service.<\/p>\n<p>En aucun cas, l&#8217;Entreprise ne saurait \u00eatre tenue responsable de tout dommage sp\u00e9cial, direct, indirect, cons\u00e9cutif ou accidentel, ou de tout dommage quel qu&#8217;il soit, que ce soit dans le cadre d&#8217;un contrat, d&#8217;une n\u00e9gligence ou autre, d\u00e9coulant de l&#8217;utilisation du Service ou du contenu du Service. L&#8217;Entreprise se r\u00e9serve le droit d&#8217;apporter des ajouts, suppressions ou modifications au contenu du Service \u00e0 tout moment et sans pr\u00e9avis. Cet avertissement a \u00e9t\u00e9 cr\u00e9\u00e9 avec l&#8217;aide du <a href=\"https:\/\/www.freeprivacypolicy.com\/free-disclaimer-generator\/\" target=\"_blank\" rel=\"noopener\">G\u00e9n\u00e9rateur d&#8217;Avertissement Gratuit<\/a>.<\/p>\n<p>L&#8217;entreprise ne garantit pas que le Service est exempt de virus ou d&#8217;autres composants nuisibles.<\/p>\n<h3>Avertissement de Liens Externes<\/h3>\n<p>Le service peut contenir des liens vers des sites web externes qui ne sont ni fournis ni entretenus par l&#8217;entreprise de quelque mani\u00e8re que ce soit.<\/p>\n<p>Veuillez noter que l&#8217;entreprise ne garantit pas l&#8217;exactitude, la pertinence, l&#8217;actualit\u00e9 ou l&#8217;exhaustivit\u00e9 des informations sur ces sites web externes.<\/p>\n<h3>Avertissement d&#8217;Erreurs et d&#8217;Omissions<\/h3>\n<p>Les informations fournies par le Service sont destin\u00e9es \u00e0 des conseils g\u00e9n\u00e9raux sur des sujets d&#8217;int\u00e9r\u00eat uniquement. M\u00eame si l&#8217;Entreprise prend toutes les pr\u00e9cautions n\u00e9cessaires pour garantir que le contenu du Service est \u00e0 la fois actuel et pr\u00e9cis, des erreurs peuvent se produire. De plus, compte tenu de la nature changeante des lois, r\u00e8gles et r\u00e9glementations, il peut y avoir des retards, des omissions ou des inexactitudes dans les informations contenues sur le Service.<\/p>\n<p>L&#8217;Entreprise n&#8217;est pas responsable des erreurs ou omissions, ni des r\u00e9sultats obtenus de l&#8217;utilisation de ces informations.<\/p>\n<h3>Avertissement d&#8217;Utilisation \u00c9quitable<\/h3>\n<p>L&#8217;Entreprise peut utiliser du mat\u00e9riel prot\u00e9g\u00e9 par des droits d&#8217;auteur qui n&#8217;a pas toujours \u00e9t\u00e9 sp\u00e9cifiquement autoris\u00e9 par le titulaire des droits d&#8217;auteurs. L&#8217;Entreprise rend ce mat\u00e9riel disponible \u00e0 des fins de critique, de commentaire, de reportage d&#8217;actualit\u00e9s, d&#8217;enseignement, de bourses d&#8217;\u00e9tudes ou de recherche.<\/p>\n<p>L&#8217;Entreprise est-ce que cela constitue une &#8220;utilisation \u00e9quitable&#8221; de tout mat\u00e9riel prot\u00e9g\u00e9 par des droits d&#8217;auteurs, comme le pr\u00e9voit l&#8217;article 107 de la loi am\u00e9ricaine sur le droit d&#8217;auteur.<\/p>\n<p>Si vous souhaitez utiliser du mat\u00e9riel prot\u00e9g\u00e9 par des droits d\u2019auteur du Service \u00e0 des fins autres que l&#8217;utilisation \u00e9quitable, vous devez obtenir l\u2019autorisation du titulaire des droits d\u2019auteurs.<\/p>\n<h3>Avertissement sur les Opinions Exprim\u00e9es<\/h3>\n<p>Le Service peut contenir des avis qui sont ceux des auteurs et ne refl\u00e8tent pas n\u00e9cessairement la politique officielle ou la position de tout autre auteur, organisme, organisation, employeur ou entreprise, y compris l\u2019entreprise.<\/p>\n<p>Les commentaires publi\u00e9s par les utilisateurs sont de leur seule responsabilit\u00e9, et les utilisateurs assumeront toute la responsabilit\u00e9, la responsabilit\u00e9 et les reproches pour toute diffamation ou poursuite r\u00e9sultant de quelque chose de r\u00e9dig\u00e9 dans un commentaire. L&#8217;Entreprise n&#8217;est pas responsable de tout commentaire publi\u00e9 par les utilisateurs, et se r\u00e9serve le droit de supprimer tout commentaire pour quelque raison que ce soit.<\/p>\n<h3>Avertissement de Non-Responsabilit\u00e9<\/h3>\n<p>Les informations sur le Service sont fournies avec la compr\u00e9hension que l&#8217;Entreprise n&#8217;est pas engag\u00e9e dans la prestation de conseils et des services professionnels en mati\u00e8re juridique, comptable, fiscale ou autre. En tant que tel, il ne doit pas \u00eatre utilis\u00e9 comme substitut \u00e0 une consultation avec des conseillers professionnels en comptabilit\u00e9, fiscalit\u00e9, juridique ou autre.<\/p>\n<p>En aucun cas, l&#8217;entreprise ou ses fournisseurs ne sauraient \u00eatre tenus responsables de tout dommage sp\u00e9cial, accessoire, indirect ou cons\u00e9cutif d\u00e9coulant de votre acc\u00e8s ou utilisation, ou de votre incapacit\u00e9 \u00e0 acc\u00e9der ou utiliser le Service.<\/p>\n<h3>Avertissement &#8220;Utilisez \u00e0 Vos Risques et P\u00e9rils&#8221;<\/h3>\n<p>Toutes les informations du Service sont fournies &#8220;telles quelles&#8221;, sans garantie d&#8217;exhaustivit\u00e9, d&#8217;exactitude, de ponctualit\u00e9 ou de r\u00e9sultats obtenus de l&#8217;utilisation de ces informations, et sans garantie d&#8217;aucune sorte, expresse ou implicite, y compris, mais sans s&#8217;y limiter, les garanties de performance, de qualit\u00e9 marchande et d&#8217;ad\u00e9quation \u00e0 un usage particulier.<\/p>\n<p>L&#8217;Entreprise ne sera pas responsable envers vous ou toute autre personne pour toute d\u00e9cision prise ou action entreprise en fonction des informations fournies par le Service, ni pour tout dommage cons\u00e9cutif, sp\u00e9cial ou similaire, m\u00eame si l&#8217;on vous averti de la possibilit\u00e9 de tels dommages.<\/p>\n<h3><a href=\"https:\/\/bureaudesoutien.org\/fr\/contact\/\">Contactez-Nous<\/a><\/h3>\n<p>Si vous avez des questions concernant cet avertissement, vous pouvez nous contacter :<\/p>\n<ul>\n<li>Par courriel: info@bureaudesoutien.org<\/li>\n<li>En visitant cette page sur notre site web: <a href=\"https:\/\/bureaudesoutien.org\/fr\/contact\/\" target=\"_blank\" rel=\"external nofollow noopener\">https:\/\/bureaudesoutien.org\/contact\/<\/a><\/li>\n<\/ul>","protected":false},"excerpt":{"rendered":"<p>Derni\u00e8re mise \u00e0 jour : 16 novembre 2023 Interpr\u00e9tation et D\u00e9finitions Interpr\u00e9tation Les termes dont la premi\u00e8re lettre est en majuscule, ont des significations d\u00e9finies dans les conditions suivantes. Les d\u00e9finitions suivantes auront la m\u00eame signification, qu&#8217;elles apparaissent au singulier ou au pluriel. D\u00e9finitions Pour les besoins de cet avertissement : Entreprise (d\u00e9sign\u00e9e comme &#8220;l&#8217;Entreprise&#8221;, &#8220;Nous&#8221;, &#8220;Nouss&#8221;, ou &#8220;Notre&#8221; dans cet avertissement) fait r\u00e9f\u00e9rence \u00e0 Bureau de Soutien, Avenue de la mission no 23, Quartier Himbi, Commune de Goma, Goma RDC. Service fait r\u00e9f\u00e9rence au site Web. Vous d\u00e9signe l&#8217;individu acc\u00e9dant au Service, ou la soci\u00e9t\u00e9, ou toute autre entit\u00e9 l\u00e9gale au nom de laquelle cet individu acc\u00e8de ou utilise le Service, le cas \u00e9ch\u00e9ant. Site Web fait r\u00e9f\u00e9rence \u00e0 Bureau de Soutien, accessible depuis https:\/\/bureaudesoutien.org Avertissement Les informations contenues sur le Service sont uniquement \u00e0 des fins d&#8217;information g\u00e9n\u00e9rale. L&#8217;Entreprise n&#8217;assume aucune responsabilit\u00e9 pour les erreurs ou omissions dans le contenu du Service. En aucun cas, l&#8217;Entreprise ne saurait \u00eatre tenue responsable de tout dommage sp\u00e9cial, direct, indirect, cons\u00e9cutif ou accidentel, ou de tout dommage quel qu&#8217;il soit, que ce soit dans le cadre d&#8217;un contrat, d&#8217;une n\u00e9gligence ou autre, d\u00e9coulant de l&#8217;utilisation du Service ou du contenu du Service. L&#8217;Entreprise se r\u00e9serve le droit d&#8217;apporter des ajouts, suppressions ou modifications au contenu du Service \u00e0 tout moment et sans pr\u00e9avis. Cet avertissement a \u00e9t\u00e9 cr\u00e9\u00e9 avec l&#8217;aide du G\u00e9n\u00e9rateur d&#8217;Avertissement Gratuit. L&#8217;entreprise ne garantit pas que le Service est exempt de virus ou d&#8217;autres composants nuisibles. Avertissement de Liens Externes Le service peut contenir des liens vers des sites web externes qui ne sont ni fournis ni entretenus par l&#8217;entreprise de quelque mani\u00e8re que ce soit. Veuillez noter que l&#8217;entreprise ne garantit pas l&#8217;exactitude, la pertinence, l&#8217;actualit\u00e9 ou l&#8217;exhaustivit\u00e9 des informations sur ces sites web externes. Avertissement d&#8217;Erreurs et d&#8217;Omissions Les informations fournies par le Service sont destin\u00e9es \u00e0 des conseils g\u00e9n\u00e9raux sur des sujets d&#8217;int\u00e9r\u00eat uniquement. M\u00eame si l&#8217;Entreprise prend toutes les pr\u00e9cautions n\u00e9cessaires pour garantir que le contenu du Service est \u00e0 la fois actuel et pr\u00e9cis, des erreurs peuvent se produire. De plus, compte tenu de la nature changeante des lois, r\u00e8gles et r\u00e9glementations, il peut y avoir des retards, des omissions ou des inexactitudes dans les informations contenues sur le Service. L&#8217;Entreprise n&#8217;est pas responsable des erreurs ou omissions, ni des r\u00e9sultats obtenus de l&#8217;utilisation de ces informations. Avertissement d&#8217;Utilisation \u00c9quitable L&#8217;Entreprise peut utiliser du mat\u00e9riel prot\u00e9g\u00e9 par des droits d&#8217;auteur qui n&#8217;a pas toujours \u00e9t\u00e9 sp\u00e9cifiquement autoris\u00e9 par le titulaire des droits d&#8217;auteurs. L&#8217;Entreprise rend ce mat\u00e9riel disponible \u00e0 des fins de critique, de commentaire, de reportage d&#8217;actualit\u00e9s, d&#8217;enseignement, de bourses d&#8217;\u00e9tudes ou de recherche. L&#8217;Entreprise est-ce que cela constitue une &#8220;utilisation \u00e9quitable&#8221; de tout mat\u00e9riel prot\u00e9g\u00e9 par des droits d&#8217;auteurs, comme le pr\u00e9voit l&#8217;article 107 de la loi am\u00e9ricaine sur le droit d&#8217;auteur. Si vous souhaitez utiliser du mat\u00e9riel prot\u00e9g\u00e9 par des droits d\u2019auteur du Service \u00e0 des fins autres que l&#8217;utilisation \u00e9quitable, vous devez obtenir l\u2019autorisation du titulaire des droits d\u2019auteurs. Avertissement sur les Opinions Exprim\u00e9es Le Service peut contenir des avis qui sont ceux des auteurs et ne refl\u00e8tent pas n\u00e9cessairement la politique officielle ou la position de tout autre auteur, organisme, organisation, employeur ou entreprise, y compris l\u2019entreprise. Les commentaires publi\u00e9s par les utilisateurs sont de leur seule responsabilit\u00e9, et les utilisateurs assumeront toute la responsabilit\u00e9, la responsabilit\u00e9 et les reproches pour toute diffamation ou poursuite r\u00e9sultant de quelque chose de r\u00e9dig\u00e9 dans un commentaire. L&#8217;Entreprise n&#8217;est pas responsable de tout commentaire publi\u00e9 par les utilisateurs, et se r\u00e9serve le droit de supprimer tout commentaire pour quelque raison que ce soit. Avertissement de Non-Responsabilit\u00e9 Les informations sur le Service sont fournies avec la compr\u00e9hension que l&#8217;Entreprise n&#8217;est pas engag\u00e9e dans la prestation de conseils et des services professionnels en mati\u00e8re juridique, comptable, fiscale ou autre. En tant que tel, il ne doit pas \u00eatre utilis\u00e9 comme substitut \u00e0 une consultation avec des conseillers professionnels en comptabilit\u00e9, fiscalit\u00e9, juridique ou autre. En aucun cas, l&#8217;entreprise ou ses fournisseurs ne sauraient \u00eatre tenus responsables de tout dommage sp\u00e9cial, accessoire, indirect ou cons\u00e9cutif d\u00e9coulant de votre acc\u00e8s ou utilisation, ou de votre incapacit\u00e9 \u00e0 acc\u00e9der ou utiliser le Service. Avertissement &#8220;Utilisez \u00e0 Vos Risques et P\u00e9rils&#8221; Toutes les informations du Service sont fournies &#8220;telles quelles&#8221;, sans garantie d&#8217;exhaustivit\u00e9, d&#8217;exactitude, de ponctualit\u00e9 ou de r\u00e9sultats obtenus de l&#8217;utilisation de ces informations, et sans garantie d&#8217;aucune sorte, expresse ou implicite, y compris, mais sans s&#8217;y limiter, les garanties de performance, de qualit\u00e9 marchande et d&#8217;ad\u00e9quation \u00e0 un usage particulier. L&#8217;Entreprise ne sera pas responsable envers vous ou toute autre personne pour toute d\u00e9cision prise ou action entreprise en fonction des informations fournies par le Service, ni pour tout dommage cons\u00e9cutif, sp\u00e9cial ou similaire, m\u00eame si l&#8217;on vous averti de la possibilit\u00e9 de tels dommages. Contactez-Nous Si vous avez des questions concernant cet avertissement, vous pouvez nous contacter : Par courriel: info@bureaudesoutien.org En visitant cette page sur notre site web: https:\/\/bureaudesoutien.org\/contact\/<\/p>","protected":false},"author":1,"featured_media":0,"parent":0,"menu_order":0,"comment_status":"closed","ping_status":"closed","template":"","meta":{"give_campaign_id":0,"om_disable_all_campaigns":false,"_monsterinsights_skip_tracking":false,"_monsterinsights_sitenote_active":false,"_monsterinsights_sitenote_note":"","_monsterinsights_sitenote_category":0,"site-sidebar-layout":"default","site-content-layout":"","ast-site-content-layout":"default","site-content-style":"default","site-sidebar-style":"default","ast-global-header-display":"","ast-banner-title-visibility":"","ast-main-header-display":"","ast-hfb-above-header-display":"","ast-hfb-below-header-display":"","ast-hfb-mobile-header-display":"","site-post-title":"","ast-breadcrumbs-content":"","ast-featured-img":"","footer-sml-layout":"","ast-disable-related-posts":"","theme-transparent-header-meta":"default","adv-header-id-meta":"","stick-header-meta":"","header-above-stick-meta":"","header-main-stick-meta":"","header-below-stick-meta":"","astra-migrate-meta-layouts":"set","ast-page-background-enabled":"default","ast-page-background-meta":{"desktop":{"background-color":"","background-image":"","background-repeat":"repeat","background-position":"center center","background-size":"auto","background-attachment":"scroll","background-type":"","background-media":"","overlay-type":"","overlay-color":"","overlay-opacity":"","overlay-gradient":""},"tablet":{"background-color":"","background-image":"","background-repeat":"repeat","background-position":"center center","background-size":"auto","background-attachment":"scroll","background-type":"","background-media":"","overlay-type":"","overlay-color":"","overlay-opacity":"","overlay-gradient":""},"mobile":{"background-color":"","background-image":"","background-repeat":"repeat","background-position":"center center","background-size":"auto","background-attachment":"scroll","background-type":"","background-media":"","overlay-type":"","overlay-color":"","overlay-opacity":"","overlay-gradient":""}},"ast-content-background-meta":{"desktop":{"background-color":"var(--ast-global-color-5)","background-image":"","background-repeat":"repeat","background-position":"center center","background-size":"auto","background-attachment":"scroll","background-type":"","background-media":"","overlay-type":"","overlay-color":"","overlay-opacity":"","overlay-gradient":""},"tablet":{"background-color":"var(--ast-global-color-5)","background-image":"","background-repeat":"repeat","background-position":"center center","background-size":"auto","background-attachment":"scroll","background-type":"","background-media":"","overlay-type":"","overlay-color":"","overlay-opacity":"","overlay-gradient":""},"mobile":{"background-color":"var(--ast-global-color-5)","background-image":"","background-repeat":"repeat","background-position":"center center","background-size":"auto","background-attachment":"scroll","background-type":"","background-media":"","overlay-type":"","overlay-color":"","overlay-opacity":"","overlay-gradient":""}},"footnotes":""},"class_list":["post-959","page","type-page","status-publish","hentry"],"aioseo_notices":[],"campaignId":"","jetpack-related-posts":[],"jetpack_sharing_enabled":true,"rttpg_featured_image_url":null,"rttpg_author":{"display_name":"bureaudesoutien.org","author_link":"https:\/\/bureaudesoutien.org\/fr\/author\/bureaudesoutien-org\/"},"rttpg_comment":0,"rttpg_category":null,"rttpg_excerpt":"Derni\u00e8re mise \u00e0 jour : 16 novembre 2023 Interpr\u00e9tation et D\u00e9finitions Interpr\u00e9tation Les termes dont la premi\u00e8re lettre est en majuscule, ont des significations d\u00e9finies dans les conditions suivantes. Les d\u00e9finitions suivantes auront la m\u00eame signification, qu&#8217;elles apparaissent au singulier ou au pluriel. D\u00e9finitions Pour les besoins de cet avertissement : Entreprise (d\u00e9sign\u00e9e comme &#8220;l&#8217;Entreprise&#8221;,\u2026","_links":{"self":[{"href":"https:\/\/bureaudesoutien.org\/fr\/wp-json\/wp\/v2\/pages\/959","targetHints":{"allow":["GET"]}}],"collection":[{"href":"https:\/\/bureaudesoutien.org\/fr\/wp-json\/wp\/v2\/pages"}],"about":[{"href":"https:\/\/bureaudesoutien.org\/fr\/wp-json\/wp\/v2\/types\/page"}],"author":[{"embeddable":true,"href":"https:\/\/bureaudesoutien.org\/fr\/wp-json\/wp\/v2\/users\/1"}],"replies":[{"embeddable":true,"href":"https:\/\/bureaudesoutien.org\/fr\/wp-json\/wp\/v2\/comments?post=959"}],"version-history":[{"count":4,"href":"https:\/\/bureaudesoutien.org\/fr\/wp-json\/wp\/v2\/pages\/959\/revisions"}],"predecessor-version":[{"id":963,"href":"https:\/\/bureaudesoutien.org\/fr\/wp-json\/wp\/v2\/pages\/959\/revisions\/963"}],"wp:attachment":[{"href":"https:\/\/bureaudesoutien.org\/fr\/wp-json\/wp\/v2\/media?parent=959"}],"curies":[{"name":"wp","href":"https:\/\/api.w.org\/{rel}","templated":true}]}}