{"id":1277,"date":"2023-11-20T17:22:51","date_gmt":"2023-11-20T15:22:51","guid":{"rendered":"https:\/\/bureaudesoutien.org\/?page_id=1277"},"modified":"2023-11-20T18:30:49","modified_gmt":"2023-11-20T16:30:49","slug":"nexus","status":"publish","type":"page","link":"https:\/\/bureaudesoutien.org\/fr\/nexus\/","title":{"rendered":"Nexus"},"content":{"rendered":"<div data-elementor-type=\"wp-page\" data-elementor-id=\"1277\" class=\"elementor elementor-1277\">\n\t\t\t\t\t\t<section class=\"elementor-section elementor-top-section elementor-element elementor-element-8921e380 elementor-section-boxed elementor-section-height-default elementor-section-height-default wpr-particle-no wpr-sticky-section-no wpr-equal-height-no\" data-id=\"8921e380\" data-element_type=\"section\" data-e-type=\"section\" data-settings=\"{&quot;background_background&quot;:&quot;gradient&quot;}\">\n\t\t\t\t\t\t\t<div class=\"elementor-background-overlay\"><\/div>\n\t\t\t\t\t\t\t<div class=\"elementor-container elementor-column-gap-default\">\n\t\t\t\t\t<div class=\"elementor-column elementor-col-100 elementor-top-column elementor-element elementor-element-7dd53840\" data-id=\"7dd53840\" data-element_type=\"column\" data-e-type=\"column\">\n\t\t\t<div class=\"elementor-widget-wrap\">\n\t\t\t\t\t\t\t<\/div>\n\t\t<\/div>\n\t\t\t\t\t<\/div>\n\t\t<\/section>\n\t\t\t\t<section class=\"elementor-section elementor-top-section elementor-element elementor-element-124b6168 elementor-section-boxed elementor-section-height-default elementor-section-height-default wpr-particle-no wpr-sticky-section-no wpr-equal-height-no\" data-id=\"124b6168\" data-element_type=\"section\" data-e-type=\"section\">\n\t\t\t\t\t\t<div class=\"elementor-container elementor-column-gap-default\">\n\t\t\t\t\t<div class=\"elementor-column elementor-col-100 elementor-top-column elementor-element elementor-element-635ba66b\" data-id=\"635ba66b\" data-element_type=\"column\" data-e-type=\"column\">\n\t\t\t<div class=\"elementor-widget-wrap elementor-element-populated\">\n\t\t\t\t\t\t<div class=\"elementor-element elementor-element-3dba4492 elementor-widget elementor-widget-heading\" data-id=\"3dba4492\" data-element_type=\"widget\" data-e-type=\"widget\" data-widget_type=\"heading.default\">\n\t\t\t\t<div class=\"elementor-widget-container\">\n\t\t\t\t\t<h2 class=\"elementor-heading-title elementor-size-default\">Nexus <\/h2>\t\t\t\t<\/div>\n\t\t\t\t<\/div>\n\t\t\t\t<div class=\"elementor-element elementor-element-79e6067a elementor-widget-divider--view-line elementor-widget elementor-widget-divider\" data-id=\"79e6067a\" data-element_type=\"widget\" data-e-type=\"widget\" data-widget_type=\"divider.default\">\n\t\t\t\t<div class=\"elementor-widget-container\">\n\t\t\t\t\t\t\t<div class=\"elementor-divider\">\n\t\t\t<span class=\"elementor-divider-separator\">\n\t\t\t\t\t\t<\/span>\n\t\t<\/div>\n\t\t\t\t\t\t<\/div>\n\t\t\t\t<\/div>\n\t\t\t\t<div class=\"elementor-element elementor-element-4ae107c4 elementor-widget__width-initial elementor-widget elementor-widget-text-editor\" data-id=\"4ae107c4\" data-element_type=\"widget\" data-e-type=\"widget\" data-widget_type=\"text-editor.default\">\n\t\t\t\t<div class=\"elementor-widget-container\">\n\t\t\t\t\t\t\t\t\tL&#8217;utilisation de l&#8217;approche Nexus par le Bureau de Soutien.\n\nL&#8217;approche Nexus est une approche int\u00e9gr\u00e9e visant \u00e0 \u00e9liminer la vuln\u00e9rabilit\u00e9, renforcer la r\u00e9silience\/d\u00e9veloppement et promouvoir la consolidation de la paix. Elle cherche \u00e0 trouver une coh\u00e9rence et une int\u00e9gration entre les initiatives humanitaires, de d\u00e9veloppement et de consolidation de la paix.<a href=\"https:\/\/bureaudesoutien.org\/fr\/\"> Le Bureau de Soutien<\/a> propose d&#8217;utiliser l&#8217;approche Nexus afin de maximiser l\u2019impact de ses interventions et de favoriser une approche holistique de la r\u00e9solution des conflits et de la promotion de la paix durable.<br><br>\n<h2>Objectifs :<\/h2>\n<ul>\n \t<li>Int\u00e9grer les interventions humanitaires, de d\u00e9veloppement et de consolidation de la paix pour une approche plus coh\u00e9rente et efficace.<\/li><br>\n \t<li>Renforcer la r\u00e9silience des communaut\u00e9s en situation de conflit et de crise en leur permettant de faire face aux chocs et de se reconstruire pour une paix durable.<\/li><br>\n \t<li>Favoriser la consolidation de la paix en identifiant et en traitant les causes profondes des conflits et en promouvant la r\u00e9conciliation et la coh\u00e9sion sociale.<\/li>\n<\/ul>\n<h2>M\u00e9thodologie :<\/h2>\n<strong>1. Analyse des besoins et des vuln\u00e9rabilit\u00e9s<\/strong> : Une analyse approfondie des besoins et des vuln\u00e9rabilit\u00e9s des communaut\u00e9s touch\u00e9es par les conflits sera r\u00e9alis\u00e9e afin de comprendre les enjeux sp\u00e9cifiques et de concevoir des interventions adapt\u00e9es.<br><br>\n\n<strong>2. Planification int\u00e9gr\u00e9e<\/strong> : Sur la base de l&#8217;analyse des besoins, un plan d&#8217;action int\u00e9gr\u00e9 est \u00e9labor\u00e9, en identifiant les actions humanitaires, de d\u00e9veloppement et de consolidation de la paix n\u00e9cessaires pour r\u00e9pondre aux besoins identifi\u00e9s.<br><br>\n\n<strong>3. Coordination et partenariats :<\/strong> Une coordination \u00e9troite est \u00e9tablie avec les acteurs humanitaires, de d\u00e9veloppement et de consolidation de la paix, ainsi qu&#8217;avec les autorit\u00e9s locales et les communaut\u00e9s concern\u00e9es, afin de garantir une approche int\u00e9gr\u00e9e et une utilisation efficace des ressources.<br><br>\n\n<strong>4. Mise en \u0153uvre conjointe :<\/strong> Les interventions sont mises en \u0153uvre de mani\u00e8re conjointe, en veillant \u00e0 ce qu&#8217;elles se renforcent mutuellement et contribuent \u00e0 la r\u00e9silience\/d\u00e9veloppement des communaut\u00e9s et \u00e0 la consolidation de la paix.<br><br>\n\n<strong>5. Suivi et \u00e9valuation :<\/strong> Un suivi r\u00e9gulier est effectu\u00e9 pour \u00e9valuer l&#8217;impact des interventions et apporter les ajustements n\u00e9cessaires. Les \u00e9valuations initiales et finales prendront en compte ces mesures de sauvegarde, et les le\u00e7ons apprises seront document\u00e9es tout au long de la mise en \u0153uvre des projets.<br><br>\n<h2>R\u00e9sultats attendus :<\/h2>\n<ul>\n \t<li style=\"list-style-type: none;\">\n<ul>\n \t<li>R\u00e9duction de la vuln\u00e9rabilit\u00e9 des communaut\u00e9s touch\u00e9es par les conflits gr\u00e2ce \u00e0 des interventions humanitaires cibl\u00e9es et \u00e0 la promotion de la r\u00e9silience.<\/li>\n<\/ul>\n<\/li>\n<\/ul>\n&nbsp;\n<ul>\n \t<li style=\"list-style-type: none;\">\n<ul>\n \t<li>Reenforcement de la coh\u00e9sion sociale et de la r\u00e9conciliation entre les communaut\u00e9s en conflit.<\/li>\n<\/ul>\n<\/li>\n<\/ul>\n&nbsp;\n<ul>\n \t<li>Contribution \u00e0 la consolidation de la paix en traitant les causes profondes des conflits et en favorisant la participation des communaut\u00e9s \u00e0 la prise de d\u00e9cision.<\/li>\n<\/ul>\n&nbsp;\n<h2>Conclusion :<\/h2>\nL&#8217;utilisation de l&#8217;approche Nexus par le Bureau de Soutien et les acteurs locaux de paix permettra de maximiser l&#8217;impact de leurs interventions en \u00e9liminant la vuln\u00e9rabilit\u00e9, en renfor\u00e7ant la r\u00e9silience et en favorisant la consolidation de la paix. En int\u00e9grant les initiatives humanitaires, de d\u00e9veloppement et de consolidation de la paix, le Bureau de Soutien, les acteurs locaux de paix et autres partenaires pourront r\u00e9pondre de mani\u00e8re plus coh\u00e9rente et efficace aux besoins des communaut\u00e9s touch\u00e9es par les conflits et contribuer \u00e0 la construction d&#8217;une paix durable.\t\t\t\t\t\t\t\t<\/div>\n\t\t\t\t<\/div>\n\t\t\t\t\t<\/div>\n\t\t<\/div>\n\t\t\t\t\t<\/div>\n\t\t<\/section>\n\t\t\t\t<\/div>","protected":false},"excerpt":{"rendered":"<p>Nexus L&#8217;utilisation de l&#8217;approche Nexus par le Bureau de Soutien. L&#8217;approche Nexus est une approche int\u00e9gr\u00e9e visant \u00e0 \u00e9liminer la vuln\u00e9rabilit\u00e9, renforcer la r\u00e9silience\/d\u00e9veloppement et promouvoir la consolidation de la paix. Elle cherche \u00e0 trouver une coh\u00e9rence et une int\u00e9gration entre les initiatives humanitaires, de d\u00e9veloppement et de consolidation de la paix. Le Bureau de Soutien propose d&#8217;utiliser l&#8217;approche Nexus afin de maximiser l\u2019impact de ses interventions et de favoriser une approche holistique de la r\u00e9solution des conflits et de la promotion de la paix durable. Objectifs : Int\u00e9grer les interventions humanitaires, de d\u00e9veloppement et de consolidation de la paix pour une approche plus coh\u00e9rente et efficace. Renforcer la r\u00e9silience des communaut\u00e9s en situation de conflit et de crise en leur permettant de faire face aux chocs et de se reconstruire pour une paix durable. Favoriser la consolidation de la paix en identifiant et en traitant les causes profondes des conflits et en promouvant la r\u00e9conciliation et la coh\u00e9sion sociale. M\u00e9thodologie : 1. Analyse des besoins et des vuln\u00e9rabilit\u00e9s : Une analyse approfondie des besoins et des vuln\u00e9rabilit\u00e9s des communaut\u00e9s touch\u00e9es par les conflits sera r\u00e9alis\u00e9e afin de comprendre les enjeux sp\u00e9cifiques et de concevoir des interventions adapt\u00e9es. 2. Planification int\u00e9gr\u00e9e : Sur la base de l&#8217;analyse des besoins, un plan d&#8217;action int\u00e9gr\u00e9 est \u00e9labor\u00e9, en identifiant les actions humanitaires, de d\u00e9veloppement et de consolidation de la paix n\u00e9cessaires pour r\u00e9pondre aux besoins identifi\u00e9s. 3. Coordination et partenariats : Une coordination \u00e9troite est \u00e9tablie avec les acteurs humanitaires, de d\u00e9veloppement et de consolidation de la paix, ainsi qu&#8217;avec les autorit\u00e9s locales et les communaut\u00e9s concern\u00e9es, afin de garantir une approche int\u00e9gr\u00e9e et une utilisation efficace des ressources. 4. Mise en \u0153uvre conjointe : Les interventions sont mises en \u0153uvre de mani\u00e8re conjointe, en veillant \u00e0 ce qu&#8217;elles se renforcent mutuellement et contribuent \u00e0 la r\u00e9silience\/d\u00e9veloppement des communaut\u00e9s et \u00e0 la consolidation de la paix. 5. Suivi et \u00e9valuation : Un suivi r\u00e9gulier est effectu\u00e9 pour \u00e9valuer l&#8217;impact des interventions et apporter les ajustements n\u00e9cessaires. Les \u00e9valuations initiales et finales prendront en compte ces mesures de sauvegarde, et les le\u00e7ons apprises seront document\u00e9es tout au long de la mise en \u0153uvre des projets. R\u00e9sultats attendus : R\u00e9duction de la vuln\u00e9rabilit\u00e9 des communaut\u00e9s touch\u00e9es par les conflits gr\u00e2ce \u00e0 des interventions humanitaires cibl\u00e9es et \u00e0 la promotion de la r\u00e9silience. &nbsp; Reenforcement de la coh\u00e9sion sociale et de la r\u00e9conciliation entre les communaut\u00e9s en conflit. &nbsp; Contribution \u00e0 la consolidation de la paix en traitant les causes profondes des conflits et en favorisant la participation des communaut\u00e9s \u00e0 la prise de d\u00e9cision. &nbsp; Conclusion : L&#8217;utilisation de l&#8217;approche Nexus par le Bureau de Soutien et les acteurs locaux de paix permettra de maximiser l&#8217;impact de leurs interventions en \u00e9liminant la vuln\u00e9rabilit\u00e9, en renfor\u00e7ant la r\u00e9silience et en favorisant la consolidation de la paix. En int\u00e9grant les initiatives humanitaires, de d\u00e9veloppement et de consolidation de la paix, le Bureau de Soutien, les acteurs locaux de paix et autres partenaires pourront r\u00e9pondre de mani\u00e8re plus coh\u00e9rente et efficace aux besoins des communaut\u00e9s touch\u00e9es par les conflits et contribuer \u00e0 la construction d&#8217;une paix durable.<\/p>","protected":false},"author":1,"featured_media":0,"parent":0,"menu_order":0,"comment_status":"closed","ping_status":"closed","template":"","meta":{"give_campaign_id":0,"om_disable_all_campaigns":false,"_monsterinsights_skip_tracking":false,"_monsterinsights_sitenote_active":false,"_monsterinsights_sitenote_note":"","_monsterinsights_sitenote_category":0,"site-sidebar-layout":"no-sidebar","site-content-layout":"page-builder","ast-site-content-layout":"full-width-container","site-content-style":"default","site-sidebar-style":"default","ast-global-header-display":"","ast-banner-title-visibility":"","ast-main-header-display":"","ast-hfb-above-header-display":"","ast-hfb-below-header-display":"","ast-hfb-mobile-header-display":"","site-post-title":"disabled","ast-breadcrumbs-content":"","ast-featured-img":"disabled","footer-sml-layout":"","ast-disable-related-posts":"","theme-transparent-header-meta":"default","adv-header-id-meta":"","stick-header-meta":"","header-above-stick-meta":"","header-main-stick-meta":"","header-below-stick-meta":"","astra-migrate-meta-layouts":"set","ast-page-background-enabled":"default","ast-page-background-meta":{"desktop":{"background-color":"","background-image":"","background-repeat":"repeat","background-position":"center center","background-size":"auto","background-attachment":"scroll","background-type":"","background-media":"","overlay-type":"","overlay-color":"","overlay-opacity":"","overlay-gradient":""},"tablet":{"background-color":"","background-image":"","background-repeat":"repeat","background-position":"center center","background-size":"auto","background-attachment":"scroll","background-type":"","background-media":"","overlay-type":"","overlay-color":"","overlay-opacity":"","overlay-gradient":""},"mobile":{"background-color":"","background-image":"","background-repeat":"repeat","background-position":"center center","background-size":"auto","background-attachment":"scroll","background-type":"","background-media":"","overlay-type":"","overlay-color":"","overlay-opacity":"","overlay-gradient":""}},"ast-content-background-meta":{"desktop":{"background-color":"var(--ast-global-color-5)","background-image":"","background-repeat":"repeat","background-position":"center center","background-size":"auto","background-attachment":"scroll","background-type":"","background-media":"","overlay-type":"","overlay-color":"","overlay-opacity":"","overlay-gradient":""},"tablet":{"background-color":"var(--ast-global-color-5)","background-image":"","background-repeat":"repeat","background-position":"center center","background-size":"auto","background-attachment":"scroll","background-type":"","background-media":"","overlay-type":"","overlay-color":"","overlay-opacity":"","overlay-gradient":""},"mobile":{"background-color":"var(--ast-global-color-5)","background-image":"","background-repeat":"repeat","background-position":"center center","background-size":"auto","background-attachment":"scroll","background-type":"","background-media":"","overlay-type":"","overlay-color":"","overlay-opacity":"","overlay-gradient":""}},"footnotes":""},"class_list":["post-1277","page","type-page","status-publish","hentry"],"aioseo_notices":[],"campaignId":"","jetpack-related-posts":[],"jetpack_sharing_enabled":true,"rttpg_featured_image_url":null,"rttpg_author":{"display_name":"bureaudesoutien.org","author_link":"https:\/\/bureaudesoutien.org\/fr\/author\/bureaudesoutien-org\/"},"rttpg_comment":0,"rttpg_category":null,"rttpg_excerpt":"Nexus L&#8217;utilisation de l&#8217;approche Nexus par le Bureau de Soutien. L&#8217;approche Nexus est une approche int\u00e9gr\u00e9e visant \u00e0 \u00e9liminer la vuln\u00e9rabilit\u00e9, renforcer la r\u00e9silience\/d\u00e9veloppement et promouvoir la consolidation de la paix. Elle cherche \u00e0 trouver une coh\u00e9rence et une int\u00e9gration entre les initiatives humanitaires, de d\u00e9veloppement et de consolidation de la paix. Le Bureau de\u2026","_links":{"self":[{"href":"https:\/\/bureaudesoutien.org\/fr\/wp-json\/wp\/v2\/pages\/1277","targetHints":{"allow":["GET"]}}],"collection":[{"href":"https:\/\/bureaudesoutien.org\/fr\/wp-json\/wp\/v2\/pages"}],"about":[{"href":"https:\/\/bureaudesoutien.org\/fr\/wp-json\/wp\/v2\/types\/page"}],"author":[{"embeddable":true,"href":"https:\/\/bureaudesoutien.org\/fr\/wp-json\/wp\/v2\/users\/1"}],"replies":[{"embeddable":true,"href":"https:\/\/bureaudesoutien.org\/fr\/wp-json\/wp\/v2\/comments?post=1277"}],"version-history":[{"count":28,"href":"https:\/\/bureaudesoutien.org\/fr\/wp-json\/wp\/v2\/pages\/1277\/revisions"}],"predecessor-version":[{"id":1334,"href":"https:\/\/bureaudesoutien.org\/fr\/wp-json\/wp\/v2\/pages\/1277\/revisions\/1334"}],"wp:attachment":[{"href":"https:\/\/bureaudesoutien.org\/fr\/wp-json\/wp\/v2\/media?parent=1277"}],"curies":[{"name":"wp","href":"https:\/\/api.w.org\/{rel}","templated":true}]}}