{"id":1271,"date":"2023-11-20T17:07:22","date_gmt":"2023-11-20T15:07:22","guid":{"rendered":"https:\/\/bureaudesoutien.org\/?page_id=1271"},"modified":"2023-11-20T18:00:11","modified_gmt":"2023-11-20T16:00:11","slug":"sensibilite-aux-conflits","status":"publish","type":"page","link":"https:\/\/bureaudesoutien.org\/fr\/sensibilite-aux-conflits\/","title":{"rendered":"Sensibilit\u00e9 aux conflits"},"content":{"rendered":"<div data-elementor-type=\"wp-page\" data-elementor-id=\"1271\" class=\"elementor elementor-1271\">\n\t\t\t\t\t\t<section class=\"elementor-section elementor-top-section elementor-element elementor-element-5792cbf0 elementor-section-boxed elementor-section-height-default elementor-section-height-default wpr-particle-no wpr-sticky-section-no wpr-equal-height-no\" data-id=\"5792cbf0\" data-element_type=\"section\" data-e-type=\"section\" data-settings=\"{&quot;background_background&quot;:&quot;gradient&quot;}\">\n\t\t\t\t\t\t\t<div class=\"elementor-background-overlay\"><\/div>\n\t\t\t\t\t\t\t<div class=\"elementor-container elementor-column-gap-default\">\n\t\t\t\t\t<div class=\"elementor-column elementor-col-100 elementor-top-column elementor-element elementor-element-50ee1120\" data-id=\"50ee1120\" data-element_type=\"column\" data-e-type=\"column\">\n\t\t\t<div class=\"elementor-widget-wrap\">\n\t\t\t\t\t\t\t<\/div>\n\t\t<\/div>\n\t\t\t\t\t<\/div>\n\t\t<\/section>\n\t\t\t\t<section class=\"elementor-section elementor-top-section elementor-element elementor-element-3c299d80 elementor-section-boxed elementor-section-height-default elementor-section-height-default wpr-particle-no wpr-sticky-section-no wpr-equal-height-no\" data-id=\"3c299d80\" data-element_type=\"section\" data-e-type=\"section\">\n\t\t\t\t\t\t<div class=\"elementor-container elementor-column-gap-default\">\n\t\t\t\t\t<div class=\"elementor-column elementor-col-100 elementor-top-column elementor-element elementor-element-b185f36\" data-id=\"b185f36\" data-element_type=\"column\" data-e-type=\"column\">\n\t\t\t<div class=\"elementor-widget-wrap elementor-element-populated\">\n\t\t\t\t\t\t<div class=\"elementor-element elementor-element-3210bfb0 elementor-widget elementor-widget-heading\" data-id=\"3210bfb0\" data-element_type=\"widget\" data-e-type=\"widget\" data-widget_type=\"heading.default\">\n\t\t\t\t<div class=\"elementor-widget-container\">\n\t\t\t\t\t<h2 class=\"elementor-heading-title elementor-size-default\">Sensibilit\u00e9 aux conflits <\/h2>\t\t\t\t<\/div>\n\t\t\t\t<\/div>\n\t\t\t\t<div class=\"elementor-element elementor-element-231895e8 elementor-widget-divider--view-line elementor-widget elementor-widget-divider\" data-id=\"231895e8\" data-element_type=\"widget\" data-e-type=\"widget\" data-widget_type=\"divider.default\">\n\t\t\t\t<div class=\"elementor-widget-container\">\n\t\t\t\t\t\t\t<div class=\"elementor-divider\">\n\t\t\t<span class=\"elementor-divider-separator\">\n\t\t\t\t\t\t<\/span>\n\t\t<\/div>\n\t\t\t\t\t\t<\/div>\n\t\t\t\t<\/div>\n\t\t\t\t<div class=\"elementor-element elementor-element-12cce8bb elementor-widget elementor-widget-text-editor\" data-id=\"12cce8bb\" data-element_type=\"widget\" data-e-type=\"widget\" data-widget_type=\"text-editor.default\">\n\t\t\t\t<div class=\"elementor-widget-container\">\n\t\t\t\t\t\t\t\t\t<a href=\"https:\/\/bureaudesoutien.org\/fr\/\">Le Bureau de Soutien<\/a> est un fervent d\u00e9fenseur de l&#8217;approche sensible aux conflits, car il reconna\u00eet que les interventions humanitaires, de d\u00e9veloppement et de consolidation de la paix sont inextricablement li\u00e9es au contexte dans lequel elles se d\u00e9roulent. Le contexte a un impact sur ces interventions, tout comme ces interventions ont un impact sur le contexte. Il est donc essentiel de comprendre et de prendre en compte les dynamiques complexes et souvent impr\u00e9visibles qui influencent les conflits et les tensions existants.<br><br>\n\nLe Bureau de Soutien encourage et accompagne ses partenaires dans l&#8217;utilisation de l&#8217;approche sensible aux conflits, car elle garantit l&#8217;efficacit\u00e9 et la r\u00e9ussite des projets et programmes. Cette approche s&#8217;applique \u00e0 tous les contextes, qu&#8217;ils soient marqu\u00e9s par une violence grave et fr\u00e9quente ou qu&#8217;ils soient relativement calmes. Elle s&#8217;applique \u00e0 tous les niveaux de travail, de l&#8217;op\u00e9rationnel \u00e0 la gestion et \u00e0 la politique strat\u00e9gique. <br><br> Elle s&#8217;applique \u00e0 tous les types de travails, qu&#8217;il s&#8217;agisse d&#8217;activit\u00e9s humanitaires, de d\u00e9veloppement, de maintien de la paix ou de consolidation de la paix. Enfin, elle s&#8217;applique \u00e0 tous les acteurs, qu&#8217;il s&#8217;agisse d&#8217;agences des Nations Unies, d&#8217;organisations internationales, de partenaires locaux, de la soci\u00e9t\u00e9 civile, des gouvernements ou du secteur priv\u00e9.<br><br>\n\nPour \u00e9viter de susciter ou d&#8217;exacerber les tensions existantes, il est essentiel que les organisations humanitaires, agences de d\u00e9veloppement et acteurs travaillant pour la consolidation de la paix prennent conscience de leur r\u00f4le dans les conflits et agissent en cons\u00e9quence. Le Bureau de Soutien s&#8217;engage \u00e0 promouvoir cette approche et \u00e0 fournir des formations sur mesure pour r\u00e9pondre aux enjeux sp\u00e9cifiques de l&#8217;int\u00e9gration de la sensibilit\u00e9 aux conflits. <br><br>Par example, il propose des formations sur le cycle de projet sensible aux conflits, le recrutement sensible aux conflits, les achats sensibles aux conflits, et bien d&#8217;autres encore. Il est crucial de comprendre que les nombreux projets ambitieux ont \u00e9chou\u00e9 simplement parce qu&#8217;ils n&#8217;ont pas pris en compte les approches sensibles aux conflits.<br><br>\n\nL&#8217;\u00e9pid\u00e9mie d&#8217;Ebola en Afrique de l&#8217;Ouest et dans la r\u00e9gion de Beni et Butembo \u00e0 l&#8217;est de la RDC en est un exemple marquant qui a marqu\u00e9 la m\u00e9moire du monde entier.\n\nLe Bureau de Soutien est d\u00e9termin\u00e9 \u00e0 rendre cette approche attrayante et originale, car il sait que sans elle, la r\u00e9alisation des projets, programmes et autres initiatives humanitaires, de d\u00e9veloppement ou de consolidation de la paix est vou\u00e9e \u00e0 l&#8217;\u00e9chec. <br><br>Il est temps de reconna\u00eetre l&#8217;importance de l&#8217;approche sensible aux conflits et de l&#8217;int\u00e9grer pleinement dans nos actions pour promouvoir une paix durable et un d\u00e9veloppement inclusif.\t\t\t\t\t\t\t\t<\/div>\n\t\t\t\t<\/div>\n\t\t\t\t\t<\/div>\n\t\t<\/div>\n\t\t\t\t\t<\/div>\n\t\t<\/section>\n\t\t\t\t<\/div>","protected":false},"excerpt":{"rendered":"<p>Sensibilit\u00e9 aux conflits Le Bureau de Soutien est un fervent d\u00e9fenseur de l&#8217;approche sensible aux conflits, car il reconna\u00eet que les interventions humanitaires, de d\u00e9veloppement et de consolidation de la paix sont inextricablement li\u00e9es au contexte dans lequel elles se d\u00e9roulent. Le contexte a un impact sur ces interventions, tout comme ces interventions ont un impact sur le contexte. Il est donc essentiel de comprendre et de prendre en compte les dynamiques complexes et souvent impr\u00e9visibles qui influencent les conflits et les tensions existants. Le Bureau de Soutien encourage et accompagne ses partenaires dans l&#8217;utilisation de l&#8217;approche sensible aux conflits, car elle garantit l&#8217;efficacit\u00e9 et la r\u00e9ussite des projets et programmes. Cette approche s&#8217;applique \u00e0 tous les contextes, qu&#8217;ils soient marqu\u00e9s par une violence grave et fr\u00e9quente ou qu&#8217;ils soient relativement calmes. Elle s&#8217;applique \u00e0 tous les niveaux de travail, de l&#8217;op\u00e9rationnel \u00e0 la gestion et \u00e0 la politique strat\u00e9gique. Elle s&#8217;applique \u00e0 tous les types de travails, qu&#8217;il s&#8217;agisse d&#8217;activit\u00e9s humanitaires, de d\u00e9veloppement, de maintien de la paix ou de consolidation de la paix. Enfin, elle s&#8217;applique \u00e0 tous les acteurs, qu&#8217;il s&#8217;agisse d&#8217;agences des Nations Unies, d&#8217;organisations internationales, de partenaires locaux, de la soci\u00e9t\u00e9 civile, des gouvernements ou du secteur priv\u00e9. Pour \u00e9viter de susciter ou d&#8217;exacerber les tensions existantes, il est essentiel que les organisations humanitaires, agences de d\u00e9veloppement et acteurs travaillant pour la consolidation de la paix prennent conscience de leur r\u00f4le dans les conflits et agissent en cons\u00e9quence. Le Bureau de Soutien s&#8217;engage \u00e0 promouvoir cette approche et \u00e0 fournir des formations sur mesure pour r\u00e9pondre aux enjeux sp\u00e9cifiques de l&#8217;int\u00e9gration de la sensibilit\u00e9 aux conflits. Par example, il propose des formations sur le cycle de projet sensible aux conflits, le recrutement sensible aux conflits, les achats sensibles aux conflits, et bien d&#8217;autres encore. Il est crucial de comprendre que les nombreux projets ambitieux ont \u00e9chou\u00e9 simplement parce qu&#8217;ils n&#8217;ont pas pris en compte les approches sensibles aux conflits. L&#8217;\u00e9pid\u00e9mie d&#8217;Ebola en Afrique de l&#8217;Ouest et dans la r\u00e9gion de Beni et Butembo \u00e0 l&#8217;est de la RDC en est un exemple marquant qui a marqu\u00e9 la m\u00e9moire du monde entier. Le Bureau de Soutien est d\u00e9termin\u00e9 \u00e0 rendre cette approche attrayante et originale, car il sait que sans elle, la r\u00e9alisation des projets, programmes et autres initiatives humanitaires, de d\u00e9veloppement ou de consolidation de la paix est vou\u00e9e \u00e0 l&#8217;\u00e9chec. Il est temps de reconna\u00eetre l&#8217;importance de l&#8217;approche sensible aux conflits et de l&#8217;int\u00e9grer pleinement dans nos actions pour promouvoir une paix durable et un d\u00e9veloppement inclusif.<\/p>","protected":false},"author":1,"featured_media":0,"parent":0,"menu_order":0,"comment_status":"closed","ping_status":"closed","template":"","meta":{"give_campaign_id":0,"om_disable_all_campaigns":false,"_monsterinsights_skip_tracking":false,"_monsterinsights_sitenote_active":false,"_monsterinsights_sitenote_note":"","_monsterinsights_sitenote_category":0,"site-sidebar-layout":"no-sidebar","site-content-layout":"page-builder","ast-site-content-layout":"full-width-container","site-content-style":"default","site-sidebar-style":"default","ast-global-header-display":"","ast-banner-title-visibility":"","ast-main-header-display":"","ast-hfb-above-header-display":"","ast-hfb-below-header-display":"","ast-hfb-mobile-header-display":"","site-post-title":"disabled","ast-breadcrumbs-content":"","ast-featured-img":"disabled","footer-sml-layout":"","ast-disable-related-posts":"","theme-transparent-header-meta":"default","adv-header-id-meta":"","stick-header-meta":"","header-above-stick-meta":"","header-main-stick-meta":"","header-below-stick-meta":"","astra-migrate-meta-layouts":"set","ast-page-background-enabled":"default","ast-page-background-meta":{"desktop":{"background-color":"","background-image":"","background-repeat":"repeat","background-position":"center center","background-size":"auto","background-attachment":"scroll","background-type":"","background-media":"","overlay-type":"","overlay-color":"","overlay-opacity":"","overlay-gradient":""},"tablet":{"background-color":"","background-image":"","background-repeat":"repeat","background-position":"center center","background-size":"auto","background-attachment":"scroll","background-type":"","background-media":"","overlay-type":"","overlay-color":"","overlay-opacity":"","overlay-gradient":""},"mobile":{"background-color":"","background-image":"","background-repeat":"repeat","background-position":"center center","background-size":"auto","background-attachment":"scroll","background-type":"","background-media":"","overlay-type":"","overlay-color":"","overlay-opacity":"","overlay-gradient":""}},"ast-content-background-meta":{"desktop":{"background-color":"var(--ast-global-color-5)","background-image":"","background-repeat":"repeat","background-position":"center center","background-size":"auto","background-attachment":"scroll","background-type":"","background-media":"","overlay-type":"","overlay-color":"","overlay-opacity":"","overlay-gradient":""},"tablet":{"background-color":"var(--ast-global-color-5)","background-image":"","background-repeat":"repeat","background-position":"center center","background-size":"auto","background-attachment":"scroll","background-type":"","background-media":"","overlay-type":"","overlay-color":"","overlay-opacity":"","overlay-gradient":""},"mobile":{"background-color":"var(--ast-global-color-5)","background-image":"","background-repeat":"repeat","background-position":"center center","background-size":"auto","background-attachment":"scroll","background-type":"","background-media":"","overlay-type":"","overlay-color":"","overlay-opacity":"","overlay-gradient":""}},"footnotes":""},"class_list":["post-1271","page","type-page","status-publish","hentry"],"aioseo_notices":[],"campaignId":"","jetpack-related-posts":[],"jetpack_sharing_enabled":true,"rttpg_featured_image_url":null,"rttpg_author":{"display_name":"bureaudesoutien.org","author_link":"https:\/\/bureaudesoutien.org\/fr\/author\/bureaudesoutien-org\/"},"rttpg_comment":0,"rttpg_category":null,"rttpg_excerpt":"Sensibilit\u00e9 aux conflits Le Bureau de Soutien est un fervent d\u00e9fenseur de l&#8217;approche sensible aux conflits, car il reconna\u00eet que les interventions humanitaires, de d\u00e9veloppement et de consolidation de la paix sont inextricablement li\u00e9es au contexte dans lequel elles se d\u00e9roulent. Le contexte a un impact sur ces interventions, tout comme ces interventions ont un\u2026","_links":{"self":[{"href":"https:\/\/bureaudesoutien.org\/fr\/wp-json\/wp\/v2\/pages\/1271","targetHints":{"allow":["GET"]}}],"collection":[{"href":"https:\/\/bureaudesoutien.org\/fr\/wp-json\/wp\/v2\/pages"}],"about":[{"href":"https:\/\/bureaudesoutien.org\/fr\/wp-json\/wp\/v2\/types\/page"}],"author":[{"embeddable":true,"href":"https:\/\/bureaudesoutien.org\/fr\/wp-json\/wp\/v2\/users\/1"}],"replies":[{"embeddable":true,"href":"https:\/\/bureaudesoutien.org\/fr\/wp-json\/wp\/v2\/comments?post=1271"}],"version-history":[{"count":11,"href":"https:\/\/bureaudesoutien.org\/fr\/wp-json\/wp\/v2\/pages\/1271\/revisions"}],"predecessor-version":[{"id":1291,"href":"https:\/\/bureaudesoutien.org\/fr\/wp-json\/wp\/v2\/pages\/1271\/revisions\/1291"}],"wp:attachment":[{"href":"https:\/\/bureaudesoutien.org\/fr\/wp-json\/wp\/v2\/media?parent=1271"}],"curies":[{"name":"wp","href":"https:\/\/api.w.org\/{rel}","templated":true}]}}