{"id":1251,"date":"2023-11-20T13:55:02","date_gmt":"2023-11-20T11:55:02","guid":{"rendered":"https:\/\/bureaudesoutien.org\/?page_id=1251"},"modified":"2023-11-20T17:12:30","modified_gmt":"2023-11-20T15:12:30","slug":"alerte-precoce-et-reponse-rapide-pour-la-paix-durable","status":"publish","type":"page","link":"https:\/\/bureaudesoutien.org\/fr\/alerte-precoce-et-reponse-rapide-pour-la-paix-durable\/","title":{"rendered":"Alerte pr\u00e9coce et r\u00e9ponse rapide pour la paix durable"},"content":{"rendered":"<div data-elementor-type=\"wp-page\" data-elementor-id=\"1251\" class=\"elementor elementor-1251\">\n\t\t\t\t\t\t<section class=\"elementor-section elementor-top-section elementor-element elementor-element-33a389bd0 elementor-section-boxed elementor-section-height-default elementor-section-height-default wpr-particle-no wpr-sticky-section-no wpr-equal-height-no\" data-id=\"33a389bd0\" data-element_type=\"section\" data-e-type=\"section\" data-settings=\"{&quot;background_background&quot;:&quot;gradient&quot;}\">\n\t\t\t\t\t\t\t<div class=\"elementor-background-overlay\"><\/div>\n\t\t\t\t\t\t\t<div class=\"elementor-container elementor-column-gap-default\">\n\t\t\t\t\t<div class=\"elementor-column elementor-col-100 elementor-top-column elementor-element elementor-element-2cfc8eaa\" data-id=\"2cfc8eaa\" data-element_type=\"column\" data-e-type=\"column\">\n\t\t\t<div class=\"elementor-widget-wrap\">\n\t\t\t\t\t\t\t<\/div>\n\t\t<\/div>\n\t\t\t\t\t<\/div>\n\t\t<\/section>\n\t\t\t\t<section class=\"elementor-section elementor-top-section elementor-element elementor-element-2e6af093 elementor-section-boxed elementor-section-height-default elementor-section-height-default wpr-particle-no wpr-sticky-section-no wpr-equal-height-no\" data-id=\"2e6af093\" data-element_type=\"section\" data-e-type=\"section\">\n\t\t\t\t\t\t<div class=\"elementor-container elementor-column-gap-default\">\n\t\t\t\t\t<div class=\"elementor-column elementor-col-100 elementor-top-column elementor-element elementor-element-7aa36e91\" data-id=\"7aa36e91\" data-element_type=\"column\" data-e-type=\"column\">\n\t\t\t<div class=\"elementor-widget-wrap elementor-element-populated\">\n\t\t\t\t\t\t<div class=\"elementor-element elementor-element-165b9be2 elementor-widget elementor-widget-heading\" data-id=\"165b9be2\" data-element_type=\"widget\" data-e-type=\"widget\" data-widget_type=\"heading.default\">\n\t\t\t\t<div class=\"elementor-widget-container\">\n\t\t\t\t\t<h2 class=\"elementor-heading-title elementor-size-default\">Alerte pr\u00e9coce et r\u00e9ponse rapide pour la paix durable<\/h2>\t\t\t\t<\/div>\n\t\t\t\t<\/div>\n\t\t\t\t<div class=\"elementor-element elementor-element-3db0b375 elementor-widget-divider--view-line elementor-widget elementor-widget-divider\" data-id=\"3db0b375\" data-element_type=\"widget\" data-e-type=\"widget\" data-widget_type=\"divider.default\">\n\t\t\t\t<div class=\"elementor-widget-container\">\n\t\t\t\t\t\t\t<div class=\"elementor-divider\">\n\t\t\t<span class=\"elementor-divider-separator\">\n\t\t\t\t\t\t<\/span>\n\t\t<\/div>\n\t\t\t\t\t\t<\/div>\n\t\t\t\t<\/div>\n\t\t\t\t<div class=\"elementor-element elementor-element-7d6c69ca elementor-widget elementor-widget-text-editor\" data-id=\"7d6c69ca\" data-element_type=\"widget\" data-e-type=\"widget\" data-widget_type=\"text-editor.default\">\n\t\t\t\t<div class=\"elementor-widget-container\">\n\t\t\t\t\t\t\t\t\t<p>Alerte pr\u00e9coce et r\u00e9ponse rapide pour la paix durable<\/p><p><a href=\"https:\/\/bureaudesoutien.org\/fr\/\">Le Bureau de Soutien<\/a> d\u00e9veloppe un syst\u00e8me d&#8217;alerte pr\u00e9coce et de r\u00e9ponse rapide pour la paix et la s\u00e9curit\u00e9 \u00e0 l&#8217;est de la RDC. Ce syst\u00e8me repose sur la collaboration des membres des groupes de travail locaux, qui se r\u00e9unissent pour partager, discuter et analyser les facteurs qui renforcent les conflits et causent des violences au sein de leurs communaut\u00e9s. Les enjeux des conflits identifi\u00e9s sont ensuite partag\u00e9s avec les acteurs cl\u00e9s au niveau territorial, dans le but de plaider et de dialoguer avec les institutions et les d\u00e9cideurs locaux.<\/p><p>Si les plaidoyers et les dialogues au niveau territorial ne parviennent pas \u00e0 trouver des solutions durables, les conflits sont r\u00e9f\u00e9r\u00e9s au groupe de travail provincial. Si aucune solution n&#8217;est trouv\u00e9e \u00e0 ce niveau, les dol\u00e9ances sont ensuite r\u00e9f\u00e9renc\u00e9es aupr\u00e8s du groupe de travail national, compos\u00e9 des acteurs locaux formant le forum des acteurs locaux de paix.<\/p><p>Les conflits analys\u00e9s aux niveaux local, provincial et national sont ensuite compil\u00e9s pour produire un Policy Brief sur la s\u00e9curit\u00e9 et la paix \u00e0 l&#8217;est de la RDC. Ce document r\u00e9sume les principaux enjeux et recommandations pour la pr\u00e9vention des violences et la promotion d&#8217;une paix durable dans les communaut\u00e9s de la r\u00e9gion.<\/p><p>Ce syst\u00e8me d&#8217;alerte pr\u00e9coce et de r\u00e9ponse rapide vise \u00e0 identifier les conflits potentiels avant qu&#8217;ils ne d\u00e9g\u00e9n\u00e8rent en violences, et \u00e0 mobiliser les acteurs locaux et les institutions pour trouver des solutions pacifiques et durables. Il met l&#8217;accent sur la participation et l&#8217;engagement des communaut\u00e9s locales dans la pr\u00e9vention des conflits et la construction de la paix.<\/p><p>Ce syst\u00e8me d&#8217;alerte pr\u00e9coce et de r\u00e9ponse rapide permet de mobiliser les acteurs locaux, de renforcer leur capacit\u00e9 d&#8217;analyse des conflits et de favoriser leur participation active dans la recherche de solutions. Il favorise \u00e9galement le plaidoyer et les dialogues avec les institutions et les acteurs cl\u00e9s, afin d&#8217;obtenir des changements concrets et durables pour la paix et la s\u00e9curit\u00e9 \u00e0 l&#8217;est de la RDC.<\/p>\t\t\t\t\t\t\t\t<\/div>\n\t\t\t\t<\/div>\n\t\t\t\t\t<\/div>\n\t\t<\/div>\n\t\t\t\t\t<\/div>\n\t\t<\/section>\n\t\t\t\t<\/div>","protected":false},"excerpt":{"rendered":"<p>Alerte pr\u00e9coce et r\u00e9ponse rapide pour la paix durable Alerte pr\u00e9coce et r\u00e9ponse rapide pour la paix durable Le Bureau de Soutien d\u00e9veloppe un syst\u00e8me d&#8217;alerte pr\u00e9coce et de r\u00e9ponse rapide pour la paix et la s\u00e9curit\u00e9 \u00e0 l&#8217;est de la RDC. Ce syst\u00e8me repose sur la collaboration des membres des groupes de travail locaux, qui se r\u00e9unissent pour partager, discuter et analyser les facteurs qui renforcent les conflits et causent des violences au sein de leurs communaut\u00e9s. Les enjeux des conflits identifi\u00e9s sont ensuite partag\u00e9s avec les acteurs cl\u00e9s au niveau territorial, dans le but de plaider et de dialoguer avec les institutions et les d\u00e9cideurs locaux. Si les plaidoyers et les dialogues au niveau territorial ne parviennent pas \u00e0 trouver des solutions durables, les conflits sont r\u00e9f\u00e9r\u00e9s au groupe de travail provincial. Si aucune solution n&#8217;est trouv\u00e9e \u00e0 ce niveau, les dol\u00e9ances sont ensuite r\u00e9f\u00e9renc\u00e9es aupr\u00e8s du groupe de travail national, compos\u00e9 des acteurs locaux formant le forum des acteurs locaux de paix. Les conflits analys\u00e9s aux niveaux local, provincial et national sont ensuite compil\u00e9s pour produire un Policy Brief sur la s\u00e9curit\u00e9 et la paix \u00e0 l&#8217;est de la RDC. Ce document r\u00e9sume les principaux enjeux et recommandations pour la pr\u00e9vention des violences et la promotion d&#8217;une paix durable dans les communaut\u00e9s de la r\u00e9gion. Ce syst\u00e8me d&#8217;alerte pr\u00e9coce et de r\u00e9ponse rapide vise \u00e0 identifier les conflits potentiels avant qu&#8217;ils ne d\u00e9g\u00e9n\u00e8rent en violences, et \u00e0 mobiliser les acteurs locaux et les institutions pour trouver des solutions pacifiques et durables. Il met l&#8217;accent sur la participation et l&#8217;engagement des communaut\u00e9s locales dans la pr\u00e9vention des conflits et la construction de la paix. Ce syst\u00e8me d&#8217;alerte pr\u00e9coce et de r\u00e9ponse rapide permet de mobiliser les acteurs locaux, de renforcer leur capacit\u00e9 d&#8217;analyse des conflits et de favoriser leur participation active dans la recherche de solutions. Il favorise \u00e9galement le plaidoyer et les dialogues avec les institutions et les acteurs cl\u00e9s, afin d&#8217;obtenir des changements concrets et durables pour la paix et la s\u00e9curit\u00e9 \u00e0 l&#8217;est de la RDC.<\/p>","protected":false},"author":1,"featured_media":0,"parent":0,"menu_order":0,"comment_status":"closed","ping_status":"closed","template":"","meta":{"give_campaign_id":0,"om_disable_all_campaigns":false,"_monsterinsights_skip_tracking":false,"_monsterinsights_sitenote_active":false,"_monsterinsights_sitenote_note":"","_monsterinsights_sitenote_category":0,"site-sidebar-layout":"no-sidebar","site-content-layout":"page-builder","ast-site-content-layout":"full-width-container","site-content-style":"default","site-sidebar-style":"default","ast-global-header-display":"","ast-banner-title-visibility":"","ast-main-header-display":"","ast-hfb-above-header-display":"","ast-hfb-below-header-display":"","ast-hfb-mobile-header-display":"","site-post-title":"disabled","ast-breadcrumbs-content":"","ast-featured-img":"disabled","footer-sml-layout":"","ast-disable-related-posts":"","theme-transparent-header-meta":"default","adv-header-id-meta":"","stick-header-meta":"","header-above-stick-meta":"","header-main-stick-meta":"","header-below-stick-meta":"","astra-migrate-meta-layouts":"set","ast-page-background-enabled":"default","ast-page-background-meta":{"desktop":{"background-color":"","background-image":"","background-repeat":"repeat","background-position":"center center","background-size":"auto","background-attachment":"scroll","background-type":"","background-media":"","overlay-type":"","overlay-color":"","overlay-opacity":"","overlay-gradient":""},"tablet":{"background-color":"","background-image":"","background-repeat":"repeat","background-position":"center center","background-size":"auto","background-attachment":"scroll","background-type":"","background-media":"","overlay-type":"","overlay-color":"","overlay-opacity":"","overlay-gradient":""},"mobile":{"background-color":"","background-image":"","background-repeat":"repeat","background-position":"center center","background-size":"auto","background-attachment":"scroll","background-type":"","background-media":"","overlay-type":"","overlay-color":"","overlay-opacity":"","overlay-gradient":""}},"ast-content-background-meta":{"desktop":{"background-color":"var(--ast-global-color-5)","background-image":"","background-repeat":"repeat","background-position":"center center","background-size":"auto","background-attachment":"scroll","background-type":"","background-media":"","overlay-type":"","overlay-color":"","overlay-opacity":"","overlay-gradient":""},"tablet":{"background-color":"var(--ast-global-color-5)","background-image":"","background-repeat":"repeat","background-position":"center center","background-size":"auto","background-attachment":"scroll","background-type":"","background-media":"","overlay-type":"","overlay-color":"","overlay-opacity":"","overlay-gradient":""},"mobile":{"background-color":"var(--ast-global-color-5)","background-image":"","background-repeat":"repeat","background-position":"center center","background-size":"auto","background-attachment":"scroll","background-type":"","background-media":"","overlay-type":"","overlay-color":"","overlay-opacity":"","overlay-gradient":""}},"footnotes":""},"class_list":["post-1251","page","type-page","status-publish","hentry"],"aioseo_notices":[],"campaignId":"","jetpack-related-posts":[],"jetpack_sharing_enabled":true,"rttpg_featured_image_url":null,"rttpg_author":{"display_name":"bureaudesoutien.org","author_link":"https:\/\/bureaudesoutien.org\/fr\/author\/bureaudesoutien-org\/"},"rttpg_comment":0,"rttpg_category":null,"rttpg_excerpt":"Alerte pr\u00e9coce et r\u00e9ponse rapide pour la paix durable Alerte pr\u00e9coce et r\u00e9ponse rapide pour la paix durable Le Bureau de Soutien d\u00e9veloppe un syst\u00e8me d&#8217;alerte pr\u00e9coce et de r\u00e9ponse rapide pour la paix et la s\u00e9curit\u00e9 \u00e0 l&#8217;est de la RDC. Ce syst\u00e8me repose sur la collaboration des membres des groupes de travail locaux,\u2026","_links":{"self":[{"href":"https:\/\/bureaudesoutien.org\/fr\/wp-json\/wp\/v2\/pages\/1251","targetHints":{"allow":["GET"]}}],"collection":[{"href":"https:\/\/bureaudesoutien.org\/fr\/wp-json\/wp\/v2\/pages"}],"about":[{"href":"https:\/\/bureaudesoutien.org\/fr\/wp-json\/wp\/v2\/types\/page"}],"author":[{"embeddable":true,"href":"https:\/\/bureaudesoutien.org\/fr\/wp-json\/wp\/v2\/users\/1"}],"replies":[{"embeddable":true,"href":"https:\/\/bureaudesoutien.org\/fr\/wp-json\/wp\/v2\/comments?post=1251"}],"version-history":[{"count":15,"href":"https:\/\/bureaudesoutien.org\/fr\/wp-json\/wp\/v2\/pages\/1251\/revisions"}],"predecessor-version":[{"id":1278,"href":"https:\/\/bureaudesoutien.org\/fr\/wp-json\/wp\/v2\/pages\/1251\/revisions\/1278"}],"wp:attachment":[{"href":"https:\/\/bureaudesoutien.org\/fr\/wp-json\/wp\/v2\/media?parent=1251"}],"curies":[{"name":"wp","href":"https:\/\/api.w.org\/{rel}","templated":true}]}}