{"id":1056,"date":"2023-11-19T20:57:13","date_gmt":"2023-11-19T18:57:13","guid":{"rendered":"https:\/\/bureaudesoutien.org\/?page_id=1056"},"modified":"2023-11-19T23:39:58","modified_gmt":"2023-11-19T21:39:58","slug":"enack-makunda","status":"publish","type":"page","link":"https:\/\/bureaudesoutien.org\/fr\/enack-makunda\/","title":{"rendered":"Enack Makunda"},"content":{"rendered":"<div data-elementor-type=\"wp-page\" data-elementor-id=\"1056\" class=\"elementor elementor-1056\">\n\t\t\t\t\t\t<section class=\"elementor-section elementor-top-section elementor-element elementor-element-8be54350 elementor-section-boxed elementor-section-height-default elementor-section-height-default wpr-particle-no wpr-sticky-section-no wpr-equal-height-no\" data-id=\"8be54350\" data-element_type=\"section\" data-e-type=\"section\" data-settings=\"{&quot;background_background&quot;:&quot;classic&quot;}\">\n\t\t\t\t\t\t\t<div class=\"elementor-background-overlay\"><\/div>\n\t\t\t\t\t\t\t<div class=\"elementor-container elementor-column-gap-default\">\n\t\t\t\t\t<div class=\"elementor-column elementor-col-100 elementor-top-column elementor-element elementor-element-50f436f6\" data-id=\"50f436f6\" data-element_type=\"column\" data-e-type=\"column\">\n\t\t\t<div class=\"elementor-widget-wrap elementor-element-populated\">\n\t\t\t\t\t\t<div class=\"elementor-element elementor-element-2ba10b68 elementor-widget elementor-widget-heading\" data-id=\"2ba10b68\" data-element_type=\"widget\" data-e-type=\"widget\" data-widget_type=\"heading.default\">\n\t\t\t\t<div class=\"elementor-widget-container\">\n\t\t\t\t\t<h1 class=\"elementor-heading-title elementor-size-default\">\u00c0 propos de<\/h1>\t\t\t\t<\/div>\n\t\t\t\t<\/div>\n\t\t\t\t\t<\/div>\n\t\t<\/div>\n\t\t\t\t\t<\/div>\n\t\t<\/section>\n\t\t\t\t<section class=\"elementor-section elementor-top-section elementor-element elementor-element-48dd296c elementor-section-boxed elementor-section-height-default elementor-section-height-default wpr-particle-no wpr-sticky-section-no wpr-equal-height-no\" data-id=\"48dd296c\" data-element_type=\"section\" data-e-type=\"section\">\n\t\t\t\t\t\t<div class=\"elementor-container elementor-column-gap-wide\">\n\t\t\t\t\t<div class=\"elementor-column elementor-col-100 elementor-top-column elementor-element elementor-element-7df4c2a7\" data-id=\"7df4c2a7\" data-element_type=\"column\" data-e-type=\"column\">\n\t\t\t<div class=\"elementor-widget-wrap elementor-element-populated\">\n\t\t\t\t\t\t<section class=\"elementor-section elementor-inner-section elementor-element elementor-element-465e322f elementor-section-boxed elementor-section-height-default elementor-section-height-default wpr-particle-no wpr-sticky-section-no wpr-equal-height-no\" data-id=\"465e322f\" data-element_type=\"section\" data-e-type=\"section\">\n\t\t\t\t\t\t<div class=\"elementor-container elementor-column-gap-no\">\n\t\t\t\t\t<div class=\"elementor-column elementor-col-50 elementor-inner-column elementor-element elementor-element-1af42c52\" data-id=\"1af42c52\" data-element_type=\"column\" data-e-type=\"column\">\n\t\t\t<div class=\"elementor-widget-wrap elementor-element-populated\">\n\t\t\t\t\t\t<div class=\"elementor-element elementor-element-38e71d88 elementor-widget-divider--view-line elementor-widget elementor-widget-divider\" data-id=\"38e71d88\" data-element_type=\"widget\" data-e-type=\"widget\" data-widget_type=\"divider.default\">\n\t\t\t\t<div class=\"elementor-widget-container\">\n\t\t\t\t\t\t\t<div class=\"elementor-divider\">\n\t\t\t<span class=\"elementor-divider-separator\">\n\t\t\t\t\t\t<\/span>\n\t\t<\/div>\n\t\t\t\t\t\t<\/div>\n\t\t\t\t<\/div>\n\t\t\t\t\t<\/div>\n\t\t<\/div>\n\t\t\t\t<div class=\"elementor-column elementor-col-50 elementor-inner-column elementor-element elementor-element-5088eb9d\" data-id=\"5088eb9d\" data-element_type=\"column\" data-e-type=\"column\">\n\t\t\t<div class=\"elementor-widget-wrap elementor-element-populated\">\n\t\t\t\t\t\t<div class=\"elementor-element elementor-element-4eea0ea2 elementor-widget elementor-widget-heading\" data-id=\"4eea0ea2\" data-element_type=\"widget\" data-e-type=\"widget\" data-widget_type=\"heading.default\">\n\t\t\t\t<div class=\"elementor-widget-container\">\n\t\t\t\t\t<h2 class=\"elementor-heading-title elementor-size-default\">\u00c0 Propos de Moi<\/h2>\t\t\t\t<\/div>\n\t\t\t\t<\/div>\n\t\t\t\t\t<\/div>\n\t\t<\/div>\n\t\t\t\t\t<\/div>\n\t\t<\/section>\n\t\t\t\t<div class=\"elementor-element elementor-element-43522c69 elementor-widget elementor-widget-heading\" data-id=\"43522c69\" data-element_type=\"widget\" data-e-type=\"widget\" data-widget_type=\"heading.default\">\n\t\t\t\t<div class=\"elementor-widget-container\">\n\t\t\t\t\t<h2 class=\"elementor-heading-title elementor-size-default\"><a href=\"https:\/\/bureaudesoutien.org\/fr\/contact\/\"> Enack Makunda<\/a><\/h2>\t\t\t\t<\/div>\n\t\t\t\t<\/div>\n\t\t\t\t<div class=\"elementor-element elementor-element-4267c9a2 elementor-widget elementor-widget-text-editor\" data-id=\"4267c9a2\" data-element_type=\"widget\" data-e-type=\"widget\" data-widget_type=\"text-editor.default\">\n\t\t\t\t<div class=\"elementor-widget-container\">\n\t\t\t\t\t\t\t\t\t<p>J\u2019ai 17 ans d\u2019exp\u00e9rience professionnelle continue bas\u00e9e de l\u2019apprentissage et approches innovante sur la programmation sensible aux conflits et les approches communautaires pour la paix durable :<\/p><p>En Afrique centrale dans la r\u00e9gion des Grands Lacs: Rwanda, Burundi, RDCONGO et Uganda.<br \/>Et l\u2019Afrique de l\u2019Ouest, dans la r\u00e9gion de Sahel dont les op\u00e9rations du PAM au Mali.<\/p><h4>Programmation sensible aux conflits :<\/h4><p>Je suis sur la lanc\u00e9e de mes 5 ans d\u2019exp\u00e9rience focalis\u00e9 aux op\u00e9rations d\u2019urgence sensible aux conflits dans un contexte des conflits violents. J\u2019ai eu le privil\u00e8ge de jouer le r\u00f4le de lecteur critique de la derni\u00e8re version de la strat\u00e9gie globale pour l\u2019int\u00e9gration de la sensibilit\u00e9 aux conflits dans les op\u00e9rations du PAM. Du fait de r\u00e9unir les qualit\u00e9s d\u2019analyste, formateur, coach exp\u00e9riment\u00e9 pour d\u00e9velopper et mettre en \u0153uvre de programmes pays sensibles aux conflits.<\/p><h4>L\u2019actuelle exp\u00e9rience est la continuit\u00e9 de travaux de terrain :<\/h4><ul><li><b style=\"font-style: inherit; letter-spacing: 0px;\">RDCongo 2018 &#8211; 2020 Ebola \u00e0 Beni &#8211; Butembo :<\/b><span style=\"font-style: inherit; font-weight: inherit; letter-spacing: 0px;\"> J\u2019ai d\u00e9velopp\u00e9 le programme de sensibilit\u00e9 aux conflits pour r\u00e9pondre aux conflits qui s\u2019\u00e9taient \u00e9rig\u00e9s en obstacle et violence durant la riposte Ebola \u00e0 l\u2019est RDCONGO. Dans ce cadre j\u2019ai con\u00e7u le programme de formation sur la sensibilit\u00e9 aux conflits pour les acteurs humanitaires travaillant dans les zones stables et des conflits.<\/span><\/li><\/ul><div>\u00a0<\/div><ul><li><b style=\"font-weight: bold; font-style: inherit; letter-spacing: 0px;\">Mali 2020 &#8211; 2023 :<\/b> <span style=\"font-style: inherit; letter-spacing: 0px;\">D\u00e9veloppement et mise en \u0153uvre de la strat\u00e9gie de l\u2019int\u00e9gration de la sensibilit\u00e9 aux conflits dans les op\u00e9rations du PAM au Mali, en d\u00e9finissant les standards et pratiques adapt\u00e9s aux urgences, activit\u00e9s de r\u00e9silience dans un contexte des conflits et alignement aux Nexus (Humanitaires, D\u00e9veloppements et Consolidation de la paix).<\/span><\/li><\/ul><h4>A<b>pproche communautaire pour la paix durable :<\/b><\/h4><p>En Afrique centrale, durant 12 ans, j\u2019ai exp\u00e9riment\u00e9 l\u2019approche communautaire pour la paix durable pour pacifier les communaut\u00e9s touch\u00e9es par les conflits violents depuis plus de 3 d\u00e9cennies dans la r\u00e9gion de Grands Lacs.<\/p><p>Cette exp\u00e9rience a accrue mes capacit\u00e9s d\u2019Analyse (Recherche Action Participative, Analyses de contexte, Analyse des conflits, \u2026), Formation, Dialogues communautaires et Plaidoyers, M\u00e9diation, N\u00e9gociation, Partenariat, Initiatives locaux de paix, Consolidation de la paix, Genre relationnel, Sensibilit\u00e9 aux Conflits, Nexus, M\u00e9dias de masse, \u2026<\/p><p>Je suis familier \u00e0 la conduite des processus de plaidoyer, des dialogues entre les gouvernements, les acteurs de la soci\u00e9t\u00e9 civile et la population. J&#8217;ai l&#8217;exp\u00e9rience de l&#8217;utilisation d&#8217;approches de transformation des conflits comme tremplin pour soutenir des actions de dialogue au sein de communaut\u00e9s affect\u00e9es par des conflits violents. Cette approche se concentre sur la mise en \u0153uvre d&#8217;activit\u00e9s de rel\u00e8vement communautaire qui servent de catalyseurs pour la reconstruction des liens sociaux et la relance \u00e9conomique dans des entit\u00e9s fragilis\u00e9es par un conflit violent. Outre le contenu des projets, je suis famili\u00e8re avec la gestion d&#8217;\u00e9quipe, la budg\u00e9tisation des projets et l&#8217;accompagnement des partenaires qui mettent en \u0153uvre les activit\u00e9s sur le terrain, le suivi et le reporting des activit\u00e9s.<\/p>\t\t\t\t\t\t\t\t<\/div>\n\t\t\t\t<\/div>\n\t\t\t\t<div class=\"elementor-element elementor-element-d0a3087 elementor-shape-rounded elementor-grid-0 e-grid-align-center elementor-widget elementor-widget-social-icons\" data-id=\"d0a3087\" data-element_type=\"widget\" data-e-type=\"widget\" data-widget_type=\"social-icons.default\">\n\t\t\t\t<div class=\"elementor-widget-container\">\n\t\t\t\t\t\t\t<div class=\"elementor-social-icons-wrapper elementor-grid\" role=\"list\">\n\t\t\t\t\t\t\t<span class=\"elementor-grid-item\" role=\"listitem\">\n\t\t\t\t\t<a class=\"elementor-icon elementor-social-icon elementor-social-icon-facebook elementor-repeater-item-ee9217f\" target=\"_blank\">\n\t\t\t\t\t\t<span class=\"elementor-screen-only\">Facebook<\/span>\n\t\t\t\t\t\t<svg aria-hidden=\"true\" class=\"e-font-icon-svg e-fab-facebook\" viewbox=\"0 0 512 512\" xmlns=\"http:\/\/www.w3.org\/2000\/svg\"><path d=\"M504 256C504 119 393 8 256 8S8 119 8 256c0 123.78 90.69 226.38 209.25 245V327.69h-63V256h63v-54.64c0-62.15 37-96.48 93.67-96.48 27.14 0 55.52 4.84 55.52 4.84v61h-31.28c-30.8 0-40.41 19.12-40.41 38.73V256h68.78l-11 71.69h-57.78V501C413.31 482.38 504 379.78 504 256z\"><\/path><\/svg>\t\t\t\t\t<\/a>\n\t\t\t\t<\/span>\n\t\t\t\t\t\t\t<span class=\"elementor-grid-item\" role=\"listitem\">\n\t\t\t\t\t<a class=\"elementor-icon elementor-social-icon elementor-social-icon-twitter elementor-repeater-item-e25857b\" target=\"_blank\">\n\t\t\t\t\t\t<span class=\"elementor-screen-only\">Twitter<\/span>\n\t\t\t\t\t\t<svg aria-hidden=\"true\" class=\"e-font-icon-svg e-fab-twitter\" viewbox=\"0 0 512 512\" xmlns=\"http:\/\/www.w3.org\/2000\/svg\"><path d=\"M459.37 151.716c.325 4.548.325 9.097.325 13.645 0 138.72-105.583 298.558-298.558 298.558-59.452 0-114.68-17.219-161.137-47.106 8.447.974 16.568 1.299 25.34 1.299 49.055 0 94.213-16.568 130.274-44.832-46.132-.975-84.792-31.188-98.112-72.772 6.498.974 12.995 1.624 19.818 1.624 9.421 0 18.843-1.3 27.614-3.573-48.081-9.747-84.143-51.98-84.143-102.985v-1.299c13.969 7.797 30.214 12.67 47.431 13.319-28.264-18.843-46.781-51.005-46.781-87.391 0-19.492 5.197-37.36 14.294-52.954 51.655 63.675 129.3 105.258 216.365 109.807-1.624-7.797-2.599-15.918-2.599-24.04 0-57.828 46.782-104.934 104.934-104.934 30.213 0 57.502 12.67 76.67 33.137 23.715-4.548 46.456-13.32 66.599-25.34-7.798 24.366-24.366 44.833-46.132 57.827 21.117-2.273 41.584-8.122 60.426-16.243-14.292 20.791-32.161 39.308-52.628 54.253z\"><\/path><\/svg>\t\t\t\t\t<\/a>\n\t\t\t\t<\/span>\n\t\t\t\t\t\t\t<span class=\"elementor-grid-item\" role=\"listitem\">\n\t\t\t\t\t<a class=\"elementor-icon elementor-social-icon elementor-social-icon-linkedin elementor-repeater-item-83ccd8c\" href=\"https:\/\/www.linkedin.com\/in\/enack-makunda-0ba54158?utm_source=share&#038;utm_campaign=share_via&#038;utm_content=profile&#038;utm_medium=ios_app\" target=\"_blank\">\n\t\t\t\t\t\t<span class=\"elementor-screen-only\">Linkedin<\/span>\n\t\t\t\t\t\t<svg aria-hidden=\"true\" class=\"e-font-icon-svg e-fab-linkedin\" viewbox=\"0 0 448 512\" xmlns=\"http:\/\/www.w3.org\/2000\/svg\"><path d=\"M416 32H31.9C14.3 32 0 46.5 0 64.3v383.4C0 465.5 14.3 480 31.9 480H416c17.6 0 32-14.5 32-32.3V64.3c0-17.8-14.4-32.3-32-32.3zM135.4 416H69V202.2h66.5V416zm-33.2-243c-21.3 0-38.5-17.3-38.5-38.5S80.9 96 102.2 96c21.2 0 38.5 17.3 38.5 38.5 0 21.3-17.2 38.5-38.5 38.5zm282.1 243h-66.4V312c0-24.8-.5-56.7-34.5-56.7-34.6 0-39.9 27-39.9 54.9V416h-66.4V202.2h63.7v29.2h.9c8.9-16.8 30.6-34.5 62.9-34.5 67.2 0 79.7 44.3 79.7 101.9V416z\"><\/path><\/svg>\t\t\t\t\t<\/a>\n\t\t\t\t<\/span>\n\t\t\t\t\t\t\t<span class=\"elementor-grid-item\" role=\"listitem\">\n\t\t\t\t\t<a class=\"elementor-icon elementor-social-icon elementor-social-icon-envelope elementor-repeater-item-e27cddb\" href=\"http:\/\/enack.makunda@bureaudesoutien.org\/fr\/\" target=\"_blank\">\n\t\t\t\t\t\t<span class=\"elementor-screen-only\">Envelope<\/span>\n\t\t\t\t\t\t<svg aria-hidden=\"true\" class=\"e-font-icon-svg e-fas-envelope\" viewbox=\"0 0 512 512\" xmlns=\"http:\/\/www.w3.org\/2000\/svg\"><path d=\"M502.3 190.8c3.9-3.1 9.7-.2 9.7 4.7V400c0 26.5-21.5 48-48 48H48c-26.5 0-48-21.5-48-48V195.6c0-5 5.7-7.8 9.7-4.7 22.4 17.4 52.1 39.5 154.1 113.6 21.1 15.4 56.7 47.8 92.2 47.6 35.7.3 72-32.8 92.3-47.6 102-74.1 131.6-96.3 154-113.7zM256 320c23.2.4 56.6-29.2 73.4-41.4 132.7-96.3 142.8-104.7 173.4-128.7 5.8-4.5 9.2-11.5 9.2-18.9v-19c0-26.5-21.5-48-48-48H48C21.5 64 0 85.5 0 112v19c0 7.4 3.4 14.3 9.2 18.9 30.6 23.9 40.7 32.4 173.4 128.7 16.8 12.2 50.2 41.8 73.4 41.4z\"><\/path><\/svg>\t\t\t\t\t<\/a>\n\t\t\t\t<\/span>\n\t\t\t\t\t<\/div>\n\t\t\t\t\t\t<\/div>\n\t\t\t\t<\/div>\n\t\t\t\t\t<\/div>\n\t\t<\/div>\n\t\t\t\t\t<\/div>\n\t\t<\/section>\n\t\t\t\t<\/div>","protected":false},"excerpt":{"rendered":"<p>\u00c0 propos de \u00c0 Propos de Moi Enack Makunda J\u2019ai 17 ans d\u2019exp\u00e9rience professionnelle continue bas\u00e9e de l\u2019apprentissage et approches innovante sur la programmation sensible aux conflits et les approches communautaires pour la paix durable : En Afrique centrale dans la r\u00e9gion des Grands Lacs: Rwanda, Burundi, RDCONGO et Uganda.Et l\u2019Afrique de l\u2019Ouest, dans la r\u00e9gion de Sahel dont les op\u00e9rations du PAM au Mali. Programmation sensible aux conflits : Je suis sur la lanc\u00e9e de mes 5 ans d\u2019exp\u00e9rience focalis\u00e9 aux op\u00e9rations d\u2019urgence sensible aux conflits dans un contexte des conflits violents. J\u2019ai eu le privil\u00e8ge de jouer le r\u00f4le de lecteur critique de la derni\u00e8re version de la strat\u00e9gie globale pour l\u2019int\u00e9gration de la sensibilit\u00e9 aux conflits dans les op\u00e9rations du PAM. Du fait de r\u00e9unir les qualit\u00e9s d\u2019analyste, formateur, coach exp\u00e9riment\u00e9 pour d\u00e9velopper et mettre en \u0153uvre de programmes pays sensibles aux conflits. L\u2019actuelle exp\u00e9rience est la continuit\u00e9 de travaux de terrain : RDCongo 2018 &#8211; 2020 Ebola \u00e0 Beni &#8211; Butembo : J\u2019ai d\u00e9velopp\u00e9 le programme de sensibilit\u00e9 aux conflits pour r\u00e9pondre aux conflits qui s\u2019\u00e9taient \u00e9rig\u00e9s en obstacle et violence durant la riposte Ebola \u00e0 l\u2019est RDCONGO. Dans ce cadre j\u2019ai con\u00e7u le programme de formation sur la sensibilit\u00e9 aux conflits pour les acteurs humanitaires travaillant dans les zones stables et des conflits. \u00a0 Mali 2020 &#8211; 2023 : D\u00e9veloppement et mise en \u0153uvre de la strat\u00e9gie de l\u2019int\u00e9gration de la sensibilit\u00e9 aux conflits dans les op\u00e9rations du PAM au Mali, en d\u00e9finissant les standards et pratiques adapt\u00e9s aux urgences, activit\u00e9s de r\u00e9silience dans un contexte des conflits et alignement aux Nexus (Humanitaires, D\u00e9veloppements et Consolidation de la paix). Approche communautaire pour la paix durable : En Afrique centrale, durant 12 ans, j\u2019ai exp\u00e9riment\u00e9 l\u2019approche communautaire pour la paix durable pour pacifier les communaut\u00e9s touch\u00e9es par les conflits violents depuis plus de 3 d\u00e9cennies dans la r\u00e9gion de Grands Lacs. Cette exp\u00e9rience a accrue mes capacit\u00e9s d\u2019Analyse (Recherche Action Participative, Analyses de contexte, Analyse des conflits, \u2026), Formation, Dialogues communautaires et Plaidoyers, M\u00e9diation, N\u00e9gociation, Partenariat, Initiatives locaux de paix, Consolidation de la paix, Genre relationnel, Sensibilit\u00e9 aux Conflits, Nexus, M\u00e9dias de masse, \u2026 Je suis familier \u00e0 la conduite des processus de plaidoyer, des dialogues entre les gouvernements, les acteurs de la soci\u00e9t\u00e9 civile et la population. J&#8217;ai l&#8217;exp\u00e9rience de l&#8217;utilisation d&#8217;approches de transformation des conflits comme tremplin pour soutenir des actions de dialogue au sein de communaut\u00e9s affect\u00e9es par des conflits violents. Cette approche se concentre sur la mise en \u0153uvre d&#8217;activit\u00e9s de rel\u00e8vement communautaire qui servent de catalyseurs pour la reconstruction des liens sociaux et la relance \u00e9conomique dans des entit\u00e9s fragilis\u00e9es par un conflit violent. Outre le contenu des projets, je suis famili\u00e8re avec la gestion d&#8217;\u00e9quipe, la budg\u00e9tisation des projets et l&#8217;accompagnement des partenaires qui mettent en \u0153uvre les activit\u00e9s sur le terrain, le suivi et le reporting des activit\u00e9s. Facebook Twitter Linkedin Envelope<\/p>","protected":false},"author":1,"featured_media":0,"parent":0,"menu_order":0,"comment_status":"closed","ping_status":"closed","template":"","meta":{"give_campaign_id":0,"om_disable_all_campaigns":false,"_monsterinsights_skip_tracking":false,"_monsterinsights_sitenote_active":false,"_monsterinsights_sitenote_note":"","_monsterinsights_sitenote_category":0,"site-sidebar-layout":"no-sidebar","site-content-layout":"page-builder","ast-site-content-layout":"full-width-container","site-content-style":"default","site-sidebar-style":"default","ast-global-header-display":"","ast-banner-title-visibility":"","ast-main-header-display":"","ast-hfb-above-header-display":"","ast-hfb-below-header-display":"","ast-hfb-mobile-header-display":"","site-post-title":"disabled","ast-breadcrumbs-content":"","ast-featured-img":"disabled","footer-sml-layout":"","ast-disable-related-posts":"","theme-transparent-header-meta":"default","adv-header-id-meta":"","stick-header-meta":"","header-above-stick-meta":"","header-main-stick-meta":"","header-below-stick-meta":"","astra-migrate-meta-layouts":"set","ast-page-background-enabled":"default","ast-page-background-meta":{"desktop":{"background-color":"","background-image":"","background-repeat":"repeat","background-position":"center center","background-size":"auto","background-attachment":"scroll","background-type":"","background-media":"","overlay-type":"","overlay-color":"","overlay-opacity":"","overlay-gradient":""},"tablet":{"background-color":"","background-image":"","background-repeat":"repeat","background-position":"center center","background-size":"auto","background-attachment":"scroll","background-type":"","background-media":"","overlay-type":"","overlay-color":"","overlay-opacity":"","overlay-gradient":""},"mobile":{"background-color":"","background-image":"","background-repeat":"repeat","background-position":"center center","background-size":"auto","background-attachment":"scroll","background-type":"","background-media":"","overlay-type":"","overlay-color":"","overlay-opacity":"","overlay-gradient":""}},"ast-content-background-meta":{"desktop":{"background-color":"var(--ast-global-color-5)","background-image":"","background-repeat":"repeat","background-position":"center center","background-size":"auto","background-attachment":"scroll","background-type":"","background-media":"","overlay-type":"","overlay-color":"","overlay-opacity":"","overlay-gradient":""},"tablet":{"background-color":"var(--ast-global-color-5)","background-image":"","background-repeat":"repeat","background-position":"center center","background-size":"auto","background-attachment":"scroll","background-type":"","background-media":"","overlay-type":"","overlay-color":"","overlay-opacity":"","overlay-gradient":""},"mobile":{"background-color":"var(--ast-global-color-5)","background-image":"","background-repeat":"repeat","background-position":"center center","background-size":"auto","background-attachment":"scroll","background-type":"","background-media":"","overlay-type":"","overlay-color":"","overlay-opacity":"","overlay-gradient":""}},"footnotes":""},"class_list":["post-1056","page","type-page","status-publish","hentry"],"aioseo_notices":[],"campaignId":"","jetpack-related-posts":[],"jetpack_sharing_enabled":true,"rttpg_featured_image_url":null,"rttpg_author":{"display_name":"bureaudesoutien.org","author_link":"https:\/\/bureaudesoutien.org\/fr\/author\/bureaudesoutien-org\/"},"rttpg_comment":0,"rttpg_category":null,"rttpg_excerpt":"\u00c0 propos de \u00c0 Propos de Moi Enack Makunda J\u2019ai 17 ans d\u2019exp\u00e9rience professionnelle continue bas\u00e9e de l\u2019apprentissage et approches innovante sur la programmation sensible aux conflits et les approches communautaires pour la paix durable : En Afrique centrale dans la r\u00e9gion des Grands Lacs: Rwanda, Burundi, RDCONGO et Uganda.Et l\u2019Afrique de l\u2019Ouest, dans la\u2026","_links":{"self":[{"href":"https:\/\/bureaudesoutien.org\/fr\/wp-json\/wp\/v2\/pages\/1056","targetHints":{"allow":["GET"]}}],"collection":[{"href":"https:\/\/bureaudesoutien.org\/fr\/wp-json\/wp\/v2\/pages"}],"about":[{"href":"https:\/\/bureaudesoutien.org\/fr\/wp-json\/wp\/v2\/types\/page"}],"author":[{"embeddable":true,"href":"https:\/\/bureaudesoutien.org\/fr\/wp-json\/wp\/v2\/users\/1"}],"replies":[{"embeddable":true,"href":"https:\/\/bureaudesoutien.org\/fr\/wp-json\/wp\/v2\/comments?post=1056"}],"version-history":[{"count":19,"href":"https:\/\/bureaudesoutien.org\/fr\/wp-json\/wp\/v2\/pages\/1056\/revisions"}],"predecessor-version":[{"id":1089,"href":"https:\/\/bureaudesoutien.org\/fr\/wp-json\/wp\/v2\/pages\/1056\/revisions\/1089"}],"wp:attachment":[{"href":"https:\/\/bureaudesoutien.org\/fr\/wp-json\/wp\/v2\/media?parent=1056"}],"curies":[{"name":"wp","href":"https:\/\/api.w.org\/{rel}","templated":true}]}}